{"id":707,"date":"2017-08-07T15:31:24","date_gmt":"2017-08-07T13:31:24","guid":{"rendered":"https:\/\/nextnet.fr\/wp34b5\/?page_id=707"},"modified":"2020-08-07T15:32:23","modified_gmt":"2020-08-07T13:32:23","slug":"sitemap","status":"publish","type":"page","link":"https:\/\/subvision-plongee.com\/index.php\/sitemap\/","title":{"rendered":"Sitemap"},"content":{"rendered":"<p>[et_pb_section fb_built=\u00a0\u00bb1&Prime; _builder_version=\u00a0\u00bb3.23.3&Prime;][et_pb_row _builder_version=\u00a0\u00bb3.23.3&Prime;][et_pb_column type=\u00a0\u00bb4_4&Prime; _builder_version=\u00a0\u00bb3.23.3&Prime;][et_pb_code _builder_version=\u00a0\u00bb3.23.3&Prime;]<div id=\"wp-realtime-sitemap-pages\"><h3>Pages<\/h3><ul><li class=\"page_item page-item-7\"><a href=\"https:\/\/subvision-plongee.com\/\">Accueil<\/a><\/li>\n<li class=\"page_item page-item-85 current_page_parent\"><a href=\"https:\/\/subvision-plongee.com\/index.php\/blog\/\">Blog<\/a><\/li>\n<li class=\"page_item page-item-173\"><a href=\"https:\/\/subvision-plongee.com\/index.php\/caroline-celle-peigne\/\">Caroline Celle Peigne<\/a><\/li>\n<li class=\"page_item page-item-180\"><a href=\"https:\/\/subvision-plongee.com\/index.php\/clement-boegler\/\">Cl\u00e9ment Boegler<\/a><\/li>\n<li class=\"page_item page-item-75\"><a href=\"https:\/\/subvision-plongee.com\/index.php\/contact\/\">Contact<\/a><\/li>\n<li class=\"page_item page-item-42\"><a href=\"https:\/\/subvision-plongee.com\/index.php\/equipe\/\">Equipe<\/a><\/li>\n<li class=\"page_item page-item-57\"><a href=\"https:\/\/subvision-plongee.com\/index.php\/formation\/\">Formation<\/a><\/li>\n<li class=\"page_item page-item-550\"><a href=\"https:\/\/subvision-plongee.com\/index.php\/guide-boucherie-belu\/\">Guide boucherie belu<\/a><\/li>\n<li class=\"page_item page-item-560\"><a href=\"https:\/\/subvision-plongee.com\/index.php\/guide-chirurgie-main-pied\/\">Guide chirurgie main pied<\/a><\/li>\n<li class=\"page_item page-item-558\"><a href=\"https:\/\/subvision-plongee.com\/index.php\/guide-cleverland\/\">Guide cleverland<\/a><\/li>\n<li class=\"page_item page-item-505\"><a href=\"https:\/\/subvision-plongee.com\/index.php\/guide-corinne-animal\/\">Guide corinne animal<\/a><\/li>\n<li class=\"page_item page-item-555\"><a href=\"https:\/\/subvision-plongee.com\/index.php\/guide-curry-house\/\">Guide curry house<\/a><\/li>\n<li class=\"page_item page-item-569\"><a href=\"https:\/\/subvision-plongee.com\/index.php\/guide-ecole-hoang-nam\/\">Guide ecole hoang nam<\/a><\/li>\n<li class=\"page_item page-item-568\"><a href=\"https:\/\/subvision-plongee.com\/index.php\/guide-ecole-temps-danse\/\">Guide ecole temps danse<\/a><\/li>\n<li class=\"page_item page-item-559\"><a href=\"https:\/\/subvision-plongee.com\/index.php\/guide-franceperf\/\">Guide franceperf<\/a><\/li>\n<li class=\"page_item page-item-546\"><a href=\"https:\/\/subvision-plongee.com\/index.php\/guide-gnam\/\">Guide gnam<\/a><\/li>\n<li class=\"page_item page-item-554\"><a href=\"https:\/\/subvision-plongee.com\/index.php\/guide-hugo-and-son\/\">Guide hugo and son<\/a><\/li>\n<li class=\"page_item page-item-566\"><a href=\"https:\/\/subvision-plongee.com\/index.php\/guide-irc-france\/\">Guide irc france<\/a><\/li>\n<li class=\"page_item page-item-651\"><a href=\"https:\/\/subvision-plongee.com\/index.php\/guide-local\/\">Guide local et liens<\/a><\/li>\n<li class=\"page_item page-item-551\"><a href=\"https:\/\/subvision-plongee.com\/index.php\/guide-manu-qualitoit\/\">Guide manu qualitoit<\/a><\/li>\n<li class=\"page_item page-item-565\"><a href=\"https:\/\/subvision-plongee.com\/index.php\/guide-martini-transport\/\">Guide martini transport<\/a><\/li>\n<li class=\"page_item page-item-553\"><a href=\"https:\/\/subvision-plongee.com\/index.php\/guide-neodym\/\">Guide neodym<\/a><\/li>\n<li class=\"page_item page-item-697\"><a href=\"https:\/\/subvision-plongee.com\/index.php\/guide-nextnet\/\">Guide nextnet<\/a><\/li>\n<li class=\"page_item page-item-552\"><a href=\"https:\/\/subvision-plongee.com\/index.php\/guide-nouvel-hotel\/\">Guide nouvel hotel<\/a><\/li>\n<li class=\"page_item page-item-548\"><a href=\"https:\/\/subvision-plongee.com\/index.php\/guide-radhika\/\">Guide radhika<\/a><\/li>\n<li class=\"page_item page-item-556\"><a href=\"https:\/\/subvision-plongee.com\/index.php\/guide-rpc\/\">Guide rpc<\/a><\/li>\n<li class=\"page_item page-item-564\"><a href=\"https:\/\/subvision-plongee.com\/index.php\/guide-smalt-design\/\">Guide smalt design<\/a><\/li>\n<li class=\"page_item page-item-547\"><a href=\"https:\/\/subvision-plongee.com\/index.php\/guide-spicylia\/\">Guide spicylia<\/a><\/li>\n<li class=\"page_item page-item-557\"><a href=\"https:\/\/subvision-plongee.com\/index.php\/guide-subvision\/\">Guide subvision<\/a><\/li>\n<li class=\"page_item page-item-563\"><a href=\"https:\/\/subvision-plongee.com\/index.php\/guide-sushi-cristal\/\">Guide sushi cristal<\/a><\/li>\n<li class=\"page_item page-item-562\"><a href=\"https:\/\/subvision-plongee.com\/index.php\/guide-yachtingstock\/\">Guide yachtingstock<\/a><\/li>\n<li class=\"page_item page-item-497\"><a href=\"https:\/\/subvision-plongee.com\/index.php\/mentions-legales-et-politiques-de-confidentialites\/\">Mentions l\u00e9gales et Politiques de confidentialit\u00e9s<\/a><\/li>\n<li class=\"page_item page-item-2\"><a href=\"https:\/\/subvision-plongee.com\/index.php\/page-d-exemple\/\">Page d\u2019exemple<\/a><\/li>\n<li class=\"page_item page-item-686\"><a href=\"https:\/\/subvision-plongee.com\/index.php\/philippe-tran-studio-guide\/\">philippe tran studio guide<\/a><\/li>\n<li class=\"page_item page-item-179\"><a href=\"https:\/\/subvision-plongee.com\/index.php\/regis-beyssac\/\">R\u00e9gis Beyssac<\/a><\/li>\n<li class=\"page_item page-item-707\"><a href=\"https:\/\/subvision-plongee.com\/index.php\/sitemap\/\">Sitemap<\/a><\/li>\n<li class=\"page_item page-item-66\"><a href=\"https:\/\/subvision-plongee.com\/index.php\/tarifs\/\">Tarifs<\/a><\/li>\n<\/ul><\/div><div id=\"wp-realtime-sitemap-posts\"><h3>Posts<\/h3><ul><li><a href=\"https:\/\/subvision-plongee.com\/index.php\/2020\/03\/23\/coronavirus\/\" title=\"Permalink to Coronavirus\" rel=\"bookmark\">Coronavirus<\/a><\/li><li><a href=\"https:\/\/subvision-plongee.com\/index.php\/2020\/03\/23\/plongee-a-oman-annule-et-reporte\/\" title=\"Permalink to Plong\u00e9e \u00e0 Oman (annul\u00e9 et report\u00e9)\" rel=\"bookmark\">Plong\u00e9e \u00e0 Oman (annul\u00e9 et report\u00e9)<\/a><\/li><li><a href=\"https:\/\/subvision-plongee.com\/index.php\/2020\/03\/23\/camera-paralenz\/\" title=\"Permalink to Cam\u00e9ra Paralenz\" rel=\"bookmark\">Cam\u00e9ra Paralenz<\/a><\/li><li><a href=\"https:\/\/subvision-plongee.com\/index.php\/2020\/03\/23\/initiation-avec-raphael-roussel\/\" title=\"Permalink to Initiation avec Raphael Roussel\" rel=\"bookmark\">Initiation avec Raphael Roussel<\/a><\/li><li><a href=\"https:\/\/subvision-plongee.com\/index.php\/2020\/03\/23\/voyage-en-indonesie\/\" title=\"Permalink to Voyage en Indon\u00e9sie\" rel=\"bookmark\">Voyage en Indon\u00e9sie<\/a><\/li><li><a href=\"https:\/\/subvision-plongee.com\/index.php\/2020\/03\/23\/promo-decembre\/\" title=\"Permalink to Calendrier de la rentr\u00e9e\" rel=\"bookmark\">Calendrier de la rentr\u00e9e<\/a><\/li><li><a href=\"https:\/\/subvision-plongee.com\/index.php\/2020\/11\/17\/reprise-plongees-decembre\/\" title=\"Permalink to Reprise des plong\u00e9es d\u00e8s jeudi 03 d\u00e9cembre pensez \u00e0 prendre le large !\" rel=\"bookmark\">Reprise des plong\u00e9es d\u00e8s jeudi 03 d\u00e9cembre pensez \u00e0 prendre le large !<\/a><\/li><li><a href=\"https:\/\/subvision-plongee.com\/index.php\/2020\/11\/30\/promo-quad-air\/\" title=\"Permalink to Promo de d\u00e9c. 150\u20ac Mares :  Science of Techniques offert\" rel=\"bookmark\">Promo de d\u00e9c. 150\u20ac Mares :  Science of Techniques offert<\/a><\/li><li><a href=\"https:\/\/subvision-plongee.com\/index.php\/2020\/12\/07\/promo-combi-etanche-730e\/\" title=\"Permalink to Promo Combi Etanche 730\u20ac\" rel=\"bookmark\">Promo Combi Etanche 730\u20ac<\/a><\/li><li><a href=\"https:\/\/subvision-plongee.com\/index.php\/2020\/12\/10\/plongee-de-noel\/\" title=\"Permalink to Plong\u00e9e de Noel\" rel=\"bookmark\">Plong\u00e9e de Noel<\/a><\/li><li><a href=\"https:\/\/subvision-plongee.com\/index.php\/2020\/12\/12\/mariage-sous-leau\/\" title=\"Permalink to Mariage sous l&rsquo;eau\" rel=\"bookmark\">Mariage sous l&rsquo;eau<\/a><\/li><li><a href=\"https:\/\/subvision-plongee.com\/index.php\/2020\/12\/15\/vos-formations-ssi\/\" title=\"Permalink to Vos formations SSI\" rel=\"bookmark\">Vos formations SSI<\/a><\/li><li><a href=\"https:\/\/subvision-plongee.com\/index.php\/2020\/12\/19\/nouveau-narguile-de-securite\/\" title=\"Permalink to Nouveau narguil\u00e9 de s\u00e9curit\u00e9\" rel=\"bookmark\">Nouveau narguil\u00e9 de s\u00e9curit\u00e9<\/a><\/li><li><a href=\"https:\/\/subvision-plongee.com\/index.php\/2020\/12\/19\/excitation-du-depart-plongee\/\" title=\"Permalink to Excitation du d\u00e9part plong\u00e9e\" rel=\"bookmark\">Excitation du d\u00e9part plong\u00e9e<\/a><\/li><li><a href=\"https:\/\/subvision-plongee.com\/index.php\/2020\/12\/30\/ou-faire-de-la-plongee\/\" title=\"Permalink to O\u00f9 faire de la plong\u00e9e ?\" rel=\"bookmark\">O\u00f9 faire de la plong\u00e9e ?<\/a><\/li><li><a href=\"https:\/\/subvision-plongee.com\/index.php\/2021\/01\/04\/decouvrir-la-plongee-bio-se-former-et-voyager\/\" title=\"Permalink to D\u00e9couvrir La Plong\u00e9e Bio se former et voyager\" rel=\"bookmark\">D\u00e9couvrir La Plong\u00e9e Bio se former et voyager<\/a><\/li><li><a href=\"https:\/\/subvision-plongee.com\/index.php\/2021\/01\/09\/dernier-week-end-avant-le-carenage\/\" title=\"Permalink to Dernier week-end avant le car\u00e9nage,\" rel=\"bookmark\">Dernier week-end avant le car\u00e9nage,<\/a><\/li><li><a href=\"https:\/\/subvision-plongee.com\/index.php\/2021\/01\/13\/sortie-du-souvenez-vous-votre-bateau-au-carenage\/\" title=\"Permalink to Sortie du Souvenez-vous votre bateau au car\u00e9nage\" rel=\"bookmark\">Sortie du Souvenez-vous votre bateau au car\u00e9nage<\/a><\/li><li><a href=\"https:\/\/subvision-plongee.com\/index.php\/2021\/03\/04\/devenir-pro-formation-professionnelle-plongee\/\" title=\"Permalink to PRO &#8211; Formation professionnelle plong\u00e9e SSI. Le monde de la plong\u00e9e a besoin de vous !\" rel=\"bookmark\">PRO &#8211; Formation professionnelle plong\u00e9e SSI. Le monde de la plong\u00e9e a besoin de vous !<\/a><\/li><li><a href=\"https:\/\/subvision-plongee.com\/index.php\/2021\/03\/04\/formations\/\" title=\"Permalink to Formations\" rel=\"bookmark\">Formations<\/a><\/li><li><a href=\"https:\/\/subvision-plongee.com\/index.php\/2021\/03\/04\/secourisme\/\" title=\"Permalink to SECOURISME\" rel=\"bookmark\">SECOURISME<\/a><\/li><li><a href=\"https:\/\/subvision-plongee.com\/index.php\/2021\/04\/13\/formations-tech\/\" title=\"Permalink to Formations Tech\" rel=\"bookmark\">Formations Tech<\/a><\/li><li><a href=\"https:\/\/subvision-plongee.com\/index.php\/2021\/07\/01\/randonnee-palmee-autour-des-sculptures\/\" title=\"Permalink to Randonn\u00e9e palm\u00e9e autour des sculptures\" rel=\"bookmark\">Randonn\u00e9e palm\u00e9e autour des sculptures<\/a><\/li><li><a href=\"https:\/\/subvision-plongee.com\/index.php\/2021\/10\/08\/voyages\/\" title=\"Permalink to Voyages\" rel=\"bookmark\">Voyages<\/a><\/li><li><a href=\"https:\/\/subvision-plongee.com\/index.php\/2022\/06\/02\/secourisme-juin-2022\/\" title=\"Permalink to SECOURISME Juin 2022\" rel=\"bookmark\">SECOURISME Juin 2022<\/a><\/li><li><a href=\"https:\/\/subvision-plongee.com\/index.php\/2022\/06\/02\/voyages-hiver-2022\/\" title=\"Permalink to Voyages Automne Hiver 2022\" rel=\"bookmark\">Voyages Automne Hiver 2022<\/a><\/li><li><a href=\"https:\/\/subvision-plongee.com\/index.php\/2022\/06\/28\/formations-tech-cet-ete\/\" title=\"Permalink to Formations Tech cet \u00e9t\u00e9\" rel=\"bookmark\">Formations Tech cet \u00e9t\u00e9<\/a><\/li><li><a href=\"https:\/\/subvision-plongee.com\/index.php\/2022\/07\/03\/reprise-des-crepusculaires\/\" title=\"Permalink to Reprise des cr\u00e9pusculaires\" rel=\"bookmark\">Reprise des cr\u00e9pusculaires<\/a><\/li><li><a href=\"https:\/\/subvision-plongee.com\/index.php\/2022\/07\/31\/les-plongees-de-la-baie-de-golfe-juan-le-lievre-de-mer\/\" title=\"Permalink to Les plong\u00e9es de la baie de Golfe Juan le li\u00e8vre de mer\" rel=\"bookmark\">Les plong\u00e9es de la baie de Golfe Juan le li\u00e8vre de mer<\/a><\/li><li><a href=\"https:\/\/subvision-plongee.com\/index.php\/2022\/12\/03\/voyage-printemps-2023\/\" title=\"Permalink to Voyage Printemps 2023\" rel=\"bookmark\">Voyage Printemps 2023<\/a><\/li><li><a href=\"https:\/\/subvision-plongee.com\/index.php\/2022\/12\/21\/voyages-automne-hiver-2023\/\" title=\"Permalink to Voyages Automne Hiver 2023\" rel=\"bookmark\">Voyages Automne Hiver 2023<\/a><\/li><li><a href=\"https:\/\/subvision-plongee.com\/index.php\/2023\/02\/24\/pro-devenez-instructeur-decompression-diving-et-science-of-diving-ou-une-spe-ecologique-cela-pour-150e-ht-26-27-avril-inscriptions-avant-le-05-mars\/\" title=\"Permalink to PRO &#8211; Devenez Instructeur Decompression Diving ET Science of Diving ou une sp\u00e9 \u00e9cologique.\" rel=\"bookmark\">PRO &#8211; Devenez Instructeur Decompression Diving ET Science of Diving ou une sp\u00e9 \u00e9cologique.<\/a><\/li><li><a href=\"https:\/\/subvision-plongee.com\/index.php\/2023\/06\/08\/voyage-plongee-automne-hiver-2023\/\" title=\"Permalink to Voyages Automne Hiver 2023\" rel=\"bookmark\">Voyages Automne Hiver 2023<\/a><\/li><li><a href=\"https:\/\/subvision-plongee.com\/index.php\/2023\/06\/19\/randonnee-palmee\/\" title=\"Permalink to La randonn\u00e9e palm\u00e9e \u00e0 l&rsquo;honneur\" rel=\"bookmark\">La randonn\u00e9e palm\u00e9e \u00e0 l&rsquo;honneur<\/a><\/li><li><a href=\"https:\/\/subvision-plongee.com\/index.php\/2023\/06\/19\/reprise-des-crepusculaires-3\/\" title=\"Permalink to Reprise des cr\u00e9pusculaires\" rel=\"bookmark\">Reprise des cr\u00e9pusculaires<\/a><\/li><li><a href=\"https:\/\/subvision-plongee.com\/index.php\/2023\/07\/03\/plongee-france-5\/\" title=\"Permalink to Reportage France 5\" rel=\"bookmark\">Reportage France 5<\/a><\/li><li><a href=\"https:\/\/subvision-plongee.com\/index.php\/2023\/08\/27\/voyages-egypte-formation-2024\/\" title=\"Permalink to Voyages Formation avril Egypte\" rel=\"bookmark\">Voyages Formation avril Egypte<\/a><\/li><li><a href=\"https:\/\/subvision-plongee.com\/index.php\/2023\/11\/22\/promos-de-noel\/\" title=\"Permalink to PROMOS DE NOEL\" rel=\"bookmark\">PROMOS DE NOEL<\/a><\/li><li><a href=\"https:\/\/subvision-plongee.com\/index.php\/2025\/02\/22\/promos-etanche-formation-et-combi-990-euros\/\" title=\"Permalink to PROMOS Etanche formation et combi 990 EUROS\" rel=\"bookmark\">PROMOS Etanche formation et combi 990 EUROS<\/a><\/li><li><a href=\"https:\/\/subvision-plongee.com\/index.php\/2025\/02\/22\/decouverte-formation-recycleur\/\" title=\"Permalink to D\u00c9COUVERTE \/FORMATION RECYCLEUR\" rel=\"bookmark\">D\u00c9COUVERTE \/FORMATION RECYCLEUR<\/a><\/li><li><a href=\"https:\/\/subvision-plongee.com\/index.php\/2025\/02\/22\/voyages-nosy-be-13-au-23-avril-2025\/\" title=\"Permalink to Voyages NOSY BE 13 AU 23 AVRIL 2025\" rel=\"bookmark\">Voyages NOSY BE 13 AU 23 AVRIL 2025<\/a><\/li><li><a href=\"https:\/\/subvision-plongee.com\/index.php\/2025\/05\/22\/stage-photo-juin-2025\/\" title=\"Permalink to STAGE PHOTO Juin 2025\" rel=\"bookmark\">STAGE PHOTO Juin 2025<\/a><\/li><li><a href=\"https:\/\/subvision-plongee.com\/index.php\/2025\/06\/30\/plongees-de-nuit-bbq-et-feu-dartifice\/\" title=\"Permalink to Plong\u00e9es de nuit, BBQ et feu d&rsquo;artifice\" rel=\"bookmark\">Plong\u00e9es de nuit, BBQ et feu d&rsquo;artifice<\/a><\/li><li><a href=\"https:\/\/subvision-plongee.com\/index.php\/2025\/08\/08\/voyages-ustica-sicile-du-02-au-09-octobre-2025-2\/\" title=\"Permalink to Voyages USTICA (Sicile) du 02 au 09 octobre 2025\" rel=\"bookmark\">Voyages USTICA (Sicile) du 02 au 09 octobre 2025<\/a><\/li><li><a href=\"https:\/\/subvision-plongee.com\/index.php\/2025\/08\/08\/voyages-philippines-20avril-au-03-mai-2026\/\" title=\"Permalink to Voyages Philippines 20 avril AU 03 mai 2026\" rel=\"bookmark\">Voyages Philippines 20 avril AU 03 mai 2026<\/a><\/li><li><a href=\"https:\/\/subvision-plongee.com\/index.php\/2025\/08\/08\/voyages-a-safaga-mer-rouge-du-12-au-19-avril-2026\/\" title=\"Permalink to Voyages  \u00e0  SAFAGA (Mer Rouge) du 02 au 09 mai 2026\" rel=\"bookmark\">Voyages  \u00e0  SAFAGA (Mer Rouge) du 02 au 09 mai 2026<\/a><\/li><li><a href=\"https:\/\/subvision-plongee.com\/index.php\/2025\/12\/29\/meilleurs-voeux-2026\/\" title=\"Permalink to Meilleurs Voeux 2026\" rel=\"bookmark\">Meilleurs Voeux 2026<\/a><\/li><li><a href=\"https:\/\/subvision-plongee.com\/index.php\/2026\/02\/11\/voyage-cap-vert-du-26-sept-au-04-octobre-2026\/\" title=\"Permalink to Voyage CAP VERT du 26 sept au 04 octobre 2026\" rel=\"bookmark\">Voyage CAP VERT du 26 sept au 04 octobre 2026<\/a><\/li><\/ul><\/div><div id=\"wp-realtime-sitemap-archives\"><h3>Archives<\/h3><ul>\t<li><a href='https:\/\/subvision-plongee.com\/index.php\/2026\/02\/'>f\u00e9vrier 2026<\/a>&nbsp;(1)<\/li>\n\t<li><a href='https:\/\/subvision-plongee.com\/index.php\/2025\/12\/'>d\u00e9cembre 2025<\/a>&nbsp;(1)<\/li>\n\t<li><a href='https:\/\/subvision-plongee.com\/index.php\/2025\/08\/'>ao\u00fbt 2025<\/a>&nbsp;(3)<\/li>\n\t<li><a href='https:\/\/subvision-plongee.com\/index.php\/2025\/06\/'>juin 2025<\/a>&nbsp;(1)<\/li>\n\t<li><a href='https:\/\/subvision-plongee.com\/index.php\/2025\/05\/'>mai 2025<\/a>&nbsp;(1)<\/li>\n\t<li><a href='https:\/\/subvision-plongee.com\/index.php\/2025\/02\/'>f\u00e9vrier 2025<\/a>&nbsp;(3)<\/li>\n\t<li><a href='https:\/\/subvision-plongee.com\/index.php\/2023\/11\/'>novembre 2023<\/a>&nbsp;(1)<\/li>\n\t<li><a href='https:\/\/subvision-plongee.com\/index.php\/2023\/08\/'>ao\u00fbt 2023<\/a>&nbsp;(1)<\/li>\n\t<li><a href='https:\/\/subvision-plongee.com\/index.php\/2023\/07\/'>juillet 2023<\/a>&nbsp;(1)<\/li>\n\t<li><a href='https:\/\/subvision-plongee.com\/index.php\/2023\/06\/'>juin 2023<\/a>&nbsp;(3)<\/li>\n\t<li><a href='https:\/\/subvision-plongee.com\/index.php\/2023\/02\/'>f\u00e9vrier 2023<\/a>&nbsp;(1)<\/li>\n\t<li><a href='https:\/\/subvision-plongee.com\/index.php\/2022\/12\/'>d\u00e9cembre 2022<\/a>&nbsp;(2)<\/li>\n\t<li><a href='https:\/\/subvision-plongee.com\/index.php\/2022\/07\/'>juillet 2022<\/a>&nbsp;(2)<\/li>\n\t<li><a href='https:\/\/subvision-plongee.com\/index.php\/2022\/06\/'>juin 2022<\/a>&nbsp;(3)<\/li>\n\t<li><a href='https:\/\/subvision-plongee.com\/index.php\/2021\/10\/'>octobre 2021<\/a>&nbsp;(1)<\/li>\n\t<li><a href='https:\/\/subvision-plongee.com\/index.php\/2021\/07\/'>juillet 2021<\/a>&nbsp;(1)<\/li>\n\t<li><a href='https:\/\/subvision-plongee.com\/index.php\/2021\/04\/'>avril 2021<\/a>&nbsp;(1)<\/li>\n\t<li><a href='https:\/\/subvision-plongee.com\/index.php\/2021\/03\/'>mars 2021<\/a>&nbsp;(3)<\/li>\n\t<li><a href='https:\/\/subvision-plongee.com\/index.php\/2021\/01\/'>janvier 2021<\/a>&nbsp;(3)<\/li>\n\t<li><a href='https:\/\/subvision-plongee.com\/index.php\/2020\/12\/'>d\u00e9cembre 2020<\/a>&nbsp;(7)<\/li>\n\t<li><a href='https:\/\/subvision-plongee.com\/index.php\/2020\/11\/'>novembre 2020<\/a>&nbsp;(2)<\/li>\n\t<li><a href='https:\/\/subvision-plongee.com\/index.php\/2020\/03\/'>mars 2020<\/a>&nbsp;(6)<\/li>\n<\/ul><\/div><div id=\"wp-realtime-sitemap-categories\"><h3>Categories<\/h3><ul>\t<li class=\"cat-item cat-item-8\"><a href=\"https:\/\/subvision-plongee.com\/index.php\/category\/calendrier\/\">Calendrier<\/a>\n<\/li>\n\t<li class=\"cat-item cat-item-11\"><a href=\"https:\/\/subvision-plongee.com\/index.php\/category\/destination\/\">Destination<\/a>\n<\/li>\n\t<li class=\"cat-item cat-item-10\"><a href=\"https:\/\/subvision-plongee.com\/index.php\/category\/evenement\/\">Ev\u00e8nement<\/a>\n<\/li>\n\t<li class=\"cat-item cat-item-43\"><a href=\"https:\/\/subvision-plongee.com\/index.php\/category\/formation\/\">Formation<\/a>\n<\/li>\n\t<li class=\"cat-item cat-item-56\"><a href=\"https:\/\/subvision-plongee.com\/index.php\/category\/nuit\/\">Nuit<\/a>\n<\/li>\n\t<li class=\"cat-item cat-item-9\"><a href=\"https:\/\/subvision-plongee.com\/index.php\/category\/plongee\/\">Plong\u00e9e<\/a>\n<\/li>\n\t<li class=\"cat-item cat-item-35\"><a href=\"https:\/\/subvision-plongee.com\/index.php\/category\/promotion\/\">Promotion<\/a>\n<\/li>\n\t<li class=\"cat-item cat-item-54\"><a href=\"https:\/\/subvision-plongee.com\/index.php\/category\/secourisme\/\">secourisme<\/a>\n<\/li>\n\t<li class=\"cat-item cat-item-12\"><a href=\"https:\/\/subvision-plongee.com\/index.php\/category\/sport\/\">Sport<\/a>\n<\/li>\n\t<li class=\"cat-item cat-item-1\"><a href=\"https:\/\/subvision-plongee.com\/index.php\/category\/non-classe\/\">Subvision<\/a>\n<\/li>\n\t<li class=\"cat-item cat-item-7\"><a href=\"https:\/\/subvision-plongee.com\/index.php\/category\/voyage\/\">Voyage<\/a>\n<\/li>\n<\/ul><\/div>[\/et_pb_code][\/et_pb_column][\/et_pb_row][\/et_pb_section]<\/p>\n","protected":false},"excerpt":{"rendered":"<p>[et_pb_section fb_built=\u00a0\u00bb1&Prime; _builder_version=\u00a0\u00bb3.23.3&Prime;][et_pb_row _builder_version=\u00a0\u00bb3.23.3&Prime;][et_pb_column type=\u00a0\u00bb4_4&Prime; _builder_version=\u00a0\u00bb3.23.3&Prime;][et_pb_code _builder_version=\u00a0\u00bb3.23.3&Prime;][\/et_pb_code][\/et_pb_column][\/et_pb_row][\/et_pb_section]<\/p>\n","protected":false},"author":2,"featured_media":0,"parent":0,"menu_order":0,"comment_status":"closed","ping_status":"closed","template":"","meta":{"_et_pb_use_builder":"on","_et_pb_old_content":"","footnotes":""},"class_list":["post-707","page","type-page","status-publish","hentry"],"_links":{"self":[{"href":"https:\/\/subvision-plongee.com\/index.php\/wp-json\/wp\/v2\/pages\/707","targetHints":{"allow":["GET"]}}],"collection":[{"href":"https:\/\/subvision-plongee.com\/index.php\/wp-json\/wp\/v2\/pages"}],"about":[{"href":"https:\/\/subvision-plongee.com\/index.php\/wp-json\/wp\/v2\/types\/page"}],"author":[{"embeddable":true,"href":"https:\/\/subvision-plongee.com\/index.php\/wp-json\/wp\/v2\/users\/2"}],"replies":[{"embeddable":true,"href":"https:\/\/subvision-plongee.com\/index.php\/wp-json\/wp\/v2\/comments?post=707"}],"version-history":[{"count":3,"href":"https:\/\/subvision-plongee.com\/index.php\/wp-json\/wp\/v2\/pages\/707\/revisions"}],"predecessor-version":[{"id":710,"href":"https:\/\/subvision-plongee.com\/index.php\/wp-json\/wp\/v2\/pages\/707\/revisions\/710"}],"wp:attachment":[{"href":"https:\/\/subvision-plongee.com\/index.php\/wp-json\/wp\/v2\/media?parent=707"}],"curies":[{"name":"wp","href":"https:\/\/api.w.org\/{rel}","templated":true}]}}