{"id":697,"date":"2017-07-14T13:33:35","date_gmt":"2017-07-14T11:33:35","guid":{"rendered":"https:\/\/nextnet.fr\/wp34b5\/?page_id=697"},"modified":"2020-07-14T13:35:54","modified_gmt":"2020-07-14T11:35:54","slug":"guide-nextnet","status":"publish","type":"page","link":"https:\/\/subvision-plongee.com\/index.php\/guide-nextnet\/","title":{"rendered":"Guide nextnet"},"content":{"rendered":"<p>[et_pb_section fb_built=\u00a0\u00bb1&Prime; _builder_version=\u00a0\u00bb3.23.3&Prime;][et_pb_row _builder_version=\u00a0\u00bb3.23.3&Prime;][et_pb_column type=\u00a0\u00bb1_4&Prime; _builder_version=\u00a0\u00bb3.23.3&Prime;][et_pb_image src=\u00a0\u00bbhttps:\/\/subvision-plongee.com\/wp-content\/uploads\/2020\/07\/nextnet-agence-communication-freelance-nice-nextnet-studio-mockup-guide.jpg\u00a0\u00bb _builder_version=\u00a0\u00bb3.23.3&Prime;][\/et_pb_image][\/et_pb_column][et_pb_column type=\u00a0\u00bb3_4&Prime; _builder_version=\u00a0\u00bb3.23.3&Prime;][et_pb_text _builder_version=\u00a0\u00bb3.23.3&Prime;]<\/p>\n<h2>Nexnet Studio<\/h2>\n<p style=\"text-align: left;\">Notre agence de communication bas\u00e9e \u00e0 Nice vous propose, plus qu\u2019un service de communication, une offre globale de communication. Nous cr\u00e9ons l&rsquo;identit\u00e9 visuelle de votre marque et la valeur de votre projet. Nous d\u00e9veloppons des solutions digitales innovantes, qu&rsquo;il s&rsquo;agisse d&rsquo;une application mobile, d&rsquo;un site vitrine ou e-commerce. <\/p>\n<p>Nous cr\u00e9ons des solutions graphiques tous les supports print et num\u00e9rique. Notre agence de communication assure un suivi complet, de la production \u00e0 la diffusion pour vous garantir un rendu esth\u00e9tique irr\u00e9prochable !<\/p>\n<p>[\/et_pb_text][et_pb_button button_url=\u00a0\u00bbhttps:\/\/www.nextnet.fr\/\u00a0\u00bb button_text=\u00a0\u00bbAller sur le site\u00a0\u00bb _builder_version=\u00a0\u00bb3.23.3&Prime;][\/et_pb_button][\/et_pb_column][\/et_pb_row][\/et_pb_section]<\/p>\n","protected":false},"excerpt":{"rendered":"<p>[et_pb_section fb_built=\u00a0\u00bb1&Prime; _builder_version=\u00a0\u00bb3.23.3&Prime;][et_pb_row _builder_version=\u00a0\u00bb3.23.3&Prime;][et_pb_column type=\u00a0\u00bb1_4&Prime; _builder_version=\u00a0\u00bb3.23.3&Prime;][et_pb_image src=\u00a0\u00bbhttps:\/\/subvision-plongee.com\/wp-content\/uploads\/2020\/07\/nextnet-agence-communication-freelance-nice-nextnet-studio-mockup-guide.jpg\u00a0\u00bb _builder_version=\u00a0\u00bb3.23.3&Prime;][\/et_pb_image][\/et_pb_column][et_pb_column type=\u00a0\u00bb3_4&Prime; _builder_version=\u00a0\u00bb3.23.3&Prime;][et_pb_text _builder_version=\u00a0\u00bb3.23.3&Prime;] Nexnet Studio Notre agence de communication bas\u00e9e \u00e0 Nice vous propose, plus qu\u2019un service de communication, une offre globale de communication. Nous cr\u00e9ons l&rsquo;identit\u00e9 visuelle de votre marque et la valeur de votre projet. Nous d\u00e9veloppons des solutions digitales innovantes, qu&rsquo;il s&rsquo;agisse d&rsquo;une application [&hellip;]<\/p>\n","protected":false},"author":2,"featured_media":0,"parent":0,"menu_order":0,"comment_status":"closed","ping_status":"closed","template":"","meta":{"_et_pb_use_builder":"on","_et_pb_old_content":"","footnotes":""},"class_list":["post-697","page","type-page","status-publish","hentry"],"_links":{"self":[{"href":"https:\/\/subvision-plongee.com\/index.php\/wp-json\/wp\/v2\/pages\/697","targetHints":{"allow":["GET"]}}],"collection":[{"href":"https:\/\/subvision-plongee.com\/index.php\/wp-json\/wp\/v2\/pages"}],"about":[{"href":"https:\/\/subvision-plongee.com\/index.php\/wp-json\/wp\/v2\/types\/page"}],"author":[{"embeddable":true,"href":"https:\/\/subvision-plongee.com\/index.php\/wp-json\/wp\/v2\/users\/2"}],"replies":[{"embeddable":true,"href":"https:\/\/subvision-plongee.com\/index.php\/wp-json\/wp\/v2\/comments?post=697"}],"version-history":[{"count":2,"href":"https:\/\/subvision-plongee.com\/index.php\/wp-json\/wp\/v2\/pages\/697\/revisions"}],"predecessor-version":[{"id":700,"href":"https:\/\/subvision-plongee.com\/index.php\/wp-json\/wp\/v2\/pages\/697\/revisions\/700"}],"wp:attachment":[{"href":"https:\/\/subvision-plongee.com\/index.php\/wp-json\/wp\/v2\/media?parent=697"}],"curies":[{"name":"wp","href":"https:\/\/api.w.org\/{rel}","templated":true}]}}