{"id":568,"date":"2017-05-03T16:31:35","date_gmt":"2017-05-03T14:31:35","guid":{"rendered":"https:\/\/nextnet.fr\/wp34b5\/?page_id=568"},"modified":"2020-05-25T11:47:40","modified_gmt":"2020-05-25T09:47:40","slug":"guide-ecole-temps-danse","status":"publish","type":"page","link":"https:\/\/subvision-plongee.com\/index.php\/guide-ecole-temps-danse\/","title":{"rendered":"Guide ecole temps danse"},"content":{"rendered":"<p>[et_pb_section fb_built=\u00a0\u00bb1&Prime; _builder_version=\u00a0\u00bb3.23.3&Prime;][et_pb_row _builder_version=\u00a0\u00bb3.23.3&Prime;][et_pb_column type=\u00a0\u00bb1_4&Prime; _builder_version=\u00a0\u00bb3.23.3&Prime;][et_pb_image src=\u00a0\u00bbhttps:\/\/subvision-plongee.com\/wp-content\/uploads\/2020\/05\/nextnet-agence-communication-freelance-nice-ecole-temps-danse-mockup-3-guide.jpg\u00a0\u00bb _builder_version=\u00a0\u00bb3.23.3&Prime;][\/et_pb_image][\/et_pb_column][et_pb_column type=\u00a0\u00bb3_4&Prime; _builder_version=\u00a0\u00bb3.23.3&Prime;][et_pb_text _builder_version=\u00a0\u00bb3.23.3&Prime;]<\/p>\n<h2>Ecole Temps Danse<\/h2>\n<p style=\"text-align: left;\">Un large choix de spectacles vous sera propos\u00e9e, tous compos\u00e9s d&rsquo;artistes professionnels et reconnus sur la C\u00f4te d&rsquo;Azur.<\/p>\n<p>tous compos\u00e9s d&rsquo;artistes professionnels et reconnus sur la C\u00f4te d&rsquo;Azur.<\/p>\n<p>Le temps d&rsquo;une soir\u00e9e vous allez \u00eatre transport\u00e9s dans un univers f\u00e9erique, envo\u00fbtant avec de merveilleuses danseuses et de sublimes costumes.<\/p>\n<p>Afin que vos soir\u00e9es soient inoubliables nous vous offrons un service de qualit\u00e9 sur mesure adapt\u00e9 \u00e0 vos besoins, vos ambiances et vos budgets. La troupe est itin\u00e9rante, et se d\u00e9place dans toute la France.<\/p>\n<p>[\/et_pb_text][et_pb_button button_url=\u00a0\u00bbhttp:\/\/www.ecole-temps-danse.com\/\u00a0\u00bb button_text=\u00a0\u00bbAller sur le site\u00a0\u00bb _builder_version=\u00a0\u00bb3.23.3&Prime;][\/et_pb_button][\/et_pb_column][\/et_pb_row][\/et_pb_section]<\/p>\n","protected":false},"excerpt":{"rendered":"<p>[et_pb_section fb_built=\u00a0\u00bb1&Prime; _builder_version=\u00a0\u00bb3.23.3&Prime;][et_pb_row _builder_version=\u00a0\u00bb3.23.3&Prime;][et_pb_column type=\u00a0\u00bb1_4&Prime; _builder_version=\u00a0\u00bb3.23.3&Prime;][et_pb_image src=\u00a0\u00bbhttps:\/\/subvision-plongee.com\/wp-content\/uploads\/2020\/05\/nextnet-agence-communication-freelance-nice-ecole-temps-danse-mockup-3-guide.jpg\u00a0\u00bb _builder_version=\u00a0\u00bb3.23.3&Prime;][\/et_pb_image][\/et_pb_column][et_pb_column type=\u00a0\u00bb3_4&Prime; _builder_version=\u00a0\u00bb3.23.3&Prime;][et_pb_text _builder_version=\u00a0\u00bb3.23.3&Prime;] Ecole Temps Danse Un large choix de spectacles vous sera propos\u00e9e, tous compos\u00e9s d&rsquo;artistes professionnels et reconnus sur la C\u00f4te d&rsquo;Azur. tous compos\u00e9s d&rsquo;artistes professionnels et reconnus sur la C\u00f4te d&rsquo;Azur. Le temps d&rsquo;une soir\u00e9e vous allez \u00eatre transport\u00e9s dans un univers f\u00e9erique, envo\u00fbtant [&hellip;]<\/p>\n","protected":false},"author":2,"featured_media":0,"parent":0,"menu_order":0,"comment_status":"closed","ping_status":"closed","template":"","meta":{"_et_pb_use_builder":"on","_et_pb_old_content":"","footnotes":""},"class_list":["post-568","page","type-page","status-publish","hentry"],"_links":{"self":[{"href":"https:\/\/subvision-plongee.com\/index.php\/wp-json\/wp\/v2\/pages\/568","targetHints":{"allow":["GET"]}}],"collection":[{"href":"https:\/\/subvision-plongee.com\/index.php\/wp-json\/wp\/v2\/pages"}],"about":[{"href":"https:\/\/subvision-plongee.com\/index.php\/wp-json\/wp\/v2\/types\/page"}],"author":[{"embeddable":true,"href":"https:\/\/subvision-plongee.com\/index.php\/wp-json\/wp\/v2\/users\/2"}],"replies":[{"embeddable":true,"href":"https:\/\/subvision-plongee.com\/index.php\/wp-json\/wp\/v2\/comments?post=568"}],"version-history":[{"count":2,"href":"https:\/\/subvision-plongee.com\/index.php\/wp-json\/wp\/v2\/pages\/568\/revisions"}],"predecessor-version":[{"id":602,"href":"https:\/\/subvision-plongee.com\/index.php\/wp-json\/wp\/v2\/pages\/568\/revisions\/602"}],"wp:attachment":[{"href":"https:\/\/subvision-plongee.com\/index.php\/wp-json\/wp\/v2\/media?parent=568"}],"curies":[{"name":"wp","href":"https:\/\/api.w.org\/{rel}","templated":true}]}}