{"id":565,"date":"2017-05-03T16:31:27","date_gmt":"2017-05-03T14:31:27","guid":{"rendered":"https:\/\/nextnet.fr\/wp34b5\/?page_id=565"},"modified":"2020-05-25T11:48:05","modified_gmt":"2020-05-25T09:48:05","slug":"guide-martini-transport","status":"publish","type":"page","link":"https:\/\/subvision-plongee.com\/index.php\/guide-martini-transport\/","title":{"rendered":"Guide martini transport"},"content":{"rendered":"<p>[et_pb_section fb_built=\u00a0\u00bb1&Prime; _builder_version=\u00a0\u00bb3.23.3&Prime;][et_pb_row _builder_version=\u00a0\u00bb3.23.3&Prime;][et_pb_column type=\u00a0\u00bb1_4&Prime; _builder_version=\u00a0\u00bb3.23.3&Prime;][et_pb_image src=\u00a0\u00bbhttps:\/\/subvision-plongee.com\/wp-content\/uploads\/2020\/05\/nextnet-agence-communication-freelance-nice-martini-compagnie-mockup-3.png\u00a0\u00bb _builder_version=\u00a0\u00bb3.23.3&Prime;][\/et_pb_image][\/et_pb_column][et_pb_column type=\u00a0\u00bb3_4&Prime; _builder_version=\u00a0\u00bb3.23.3&Prime;][et_pb_text _builder_version=\u00a0\u00bb3.23.3&Prime;]<\/p>\n<h2>Martini Transport<\/h2>\n<p style=\"text-align: left;\">La maison MARTINI &#038; CIE, cr\u00e9\u00e9 en 1840\u2026 f\u00eate en 2015 ses 175 ans !<\/p>\n<p>Dernier dirigeant, issu de la famille du cr\u00e9ateur de la soci\u00e9t\u00e9 MARTINI &#038; CIE, et derni\u00e8re m\u00e9moire de cette ancienne maison, je voulais rendre un hommage \u00e0 tous ces hommes et femmes qui, durant 175 ans, ont permis \u00e0 l\u2019entreprise de traverser ces longues ann\u00e9es. P\u00e9riode de contrastes, de 3 guerres mondiales, mais aussi t\u00e9moins de cette merveilleuse \u00e9volution industrielle et sociale.<\/p>\n<p>La maison MARTINI &#038; CIE, cr\u00e9\u00e9 en 1840\u2026 f\u00eate en 2015 ses 175 ans ! Peu d\u2019entreprises peuvent \u00e9galer cette r\u00e9f\u00e9rence, et je vous invite en entrant dans ce site non commercial, \u00e0 venir d\u00e9couvrir son histoire, les implantations \u00e0 travers ses diff\u00e9rentes adresses, mais aussi ses diff\u00e9rents m\u00e9tiers. La r\u00e9ussite, mais aussi le d\u00e9clin, \u00e0 travers le souvenir des anciens qui m\u2019ont transmis parfois des anecdotes int\u00e9ressantes, agr\u00e9ment\u00e9 de quelques photos anciennes. <\/p>\n<p>[\/et_pb_text][et_pb_button button_url=\u00a0\u00bbhttp:\/\/trans-martini.fr\/\u00a0\u00bb button_text=\u00a0\u00bbAller sur le site\u00a0\u00bb _builder_version=\u00a0\u00bb3.23.3&Prime;][\/et_pb_button][\/et_pb_column][\/et_pb_row][\/et_pb_section]<\/p>\n","protected":false},"excerpt":{"rendered":"<p>[et_pb_section fb_built=\u00a0\u00bb1&Prime; _builder_version=\u00a0\u00bb3.23.3&Prime;][et_pb_row _builder_version=\u00a0\u00bb3.23.3&Prime;][et_pb_column type=\u00a0\u00bb1_4&Prime; _builder_version=\u00a0\u00bb3.23.3&Prime;][et_pb_image src=\u00a0\u00bbhttps:\/\/subvision-plongee.com\/wp-content\/uploads\/2020\/05\/nextnet-agence-communication-freelance-nice-martini-compagnie-mockup-3.png\u00a0\u00bb _builder_version=\u00a0\u00bb3.23.3&Prime;][\/et_pb_image][\/et_pb_column][et_pb_column type=\u00a0\u00bb3_4&Prime; _builder_version=\u00a0\u00bb3.23.3&Prime;][et_pb_text _builder_version=\u00a0\u00bb3.23.3&Prime;] Martini Transport La maison MARTINI &#038; CIE, cr\u00e9\u00e9 en 1840\u2026 f\u00eate en 2015 ses 175 ans ! Dernier dirigeant, issu de la famille du cr\u00e9ateur de la soci\u00e9t\u00e9 MARTINI &#038; CIE, et derni\u00e8re m\u00e9moire de cette ancienne maison, je voulais rendre un hommage \u00e0 [&hellip;]<\/p>\n","protected":false},"author":2,"featured_media":0,"parent":0,"menu_order":0,"comment_status":"closed","ping_status":"closed","template":"","meta":{"_et_pb_use_builder":"on","_et_pb_old_content":"","footnotes":""},"class_list":["post-565","page","type-page","status-publish","hentry"],"_links":{"self":[{"href":"https:\/\/subvision-plongee.com\/index.php\/wp-json\/wp\/v2\/pages\/565","targetHints":{"allow":["GET"]}}],"collection":[{"href":"https:\/\/subvision-plongee.com\/index.php\/wp-json\/wp\/v2\/pages"}],"about":[{"href":"https:\/\/subvision-plongee.com\/index.php\/wp-json\/wp\/v2\/types\/page"}],"author":[{"embeddable":true,"href":"https:\/\/subvision-plongee.com\/index.php\/wp-json\/wp\/v2\/users\/2"}],"replies":[{"embeddable":true,"href":"https:\/\/subvision-plongee.com\/index.php\/wp-json\/wp\/v2\/comments?post=565"}],"version-history":[{"count":2,"href":"https:\/\/subvision-plongee.com\/index.php\/wp-json\/wp\/v2\/pages\/565\/revisions"}],"predecessor-version":[{"id":595,"href":"https:\/\/subvision-plongee.com\/index.php\/wp-json\/wp\/v2\/pages\/565\/revisions\/595"}],"wp:attachment":[{"href":"https:\/\/subvision-plongee.com\/index.php\/wp-json\/wp\/v2\/media?parent=565"}],"curies":[{"name":"wp","href":"https:\/\/api.w.org\/{rel}","templated":true}]}}