{"id":562,"date":"2017-05-03T16:31:17","date_gmt":"2017-05-03T14:31:17","guid":{"rendered":"https:\/\/nextnet.fr\/wp34b5\/?page_id=562"},"modified":"2020-05-25T11:48:37","modified_gmt":"2020-05-25T09:48:37","slug":"guide-yachtingstock","status":"publish","type":"page","link":"https:\/\/subvision-plongee.com\/index.php\/guide-yachtingstock\/","title":{"rendered":"Guide yachtingstock"},"content":{"rendered":"<p>[et_pb_section fb_built=\u00a0\u00bb1&Prime; _builder_version=\u00a0\u00bb3.23.3&Prime;][et_pb_row _builder_version=\u00a0\u00bb3.23.3&Prime;][et_pb_column type=\u00a0\u00bb1_4&Prime; _builder_version=\u00a0\u00bb3.23.3&Prime;][et_pb_image src=\u00a0\u00bbhttps:\/\/subvision-plongee.com\/wp-content\/uploads\/2020\/05\/nextnet-agence-communication-freelance-nice-yachting-stock-mockup-grand-guide.jpg\u00a0\u00bb _builder_version=\u00a0\u00bb3.23.3&Prime;][\/et_pb_image][\/et_pb_column][et_pb_column type=\u00a0\u00bb3_4&Prime; _builder_version=\u00a0\u00bb3.23.3&Prime;][et_pb_text _builder_version=\u00a0\u00bb3.23.3&Prime;]<\/p>\n<h2>Yachtingstock<\/h2>\n<p style=\"text-align: left;\">Yachtingstock.com est un site de vente en ligne de mat\u00e9riel pour le nautisme.<\/p>\n<p>Vous y trouverez toutes les cat\u00e9gories de produits : mat\u00e9riel de s\u00e9curit\u00e9 (brassi\u00e8re et gilet de sauvetage, harnais, sac d&rsquo;armement), \u00e9lectronique (vhf, gps, sondeur, combin\u00e9, antenne et support d&rsquo;antenne), \u00e9lectricit\u00e9 (chargeur, groupe), annexes pneumatiques et accessoires, moteurs hors-bord essence, moteurs hors-bord \u00e9lectriques, h\u00e9lices Maxprop, voiles low-cost, voiles d&rsquo;occasion, enrouleurs de g\u00e9nois, produits d&rsquo;entretien et de maintenance (antifouling, primaire, peinture antid\u00e9rapante, lubrifiant), etc.<\/p>\n<p>De tr\u00e8s nombreuses marques sont pr\u00e9sentes sur notre site : Plastimo, Max Prop, Navicom, Cristec, Facnor, International, Kvh, Suzuki, Yamaha, Torqeedo, Osculati,  Teak Wonder, Velox Plus, etc.<\/p>\n<p>Yachtingstock.com est un site dont la volont\u00e9 est de vous proposer les meilleurs produits des meilleures marques aux meilleurs prix, le tout avec des conseils, un service de qualit\u00e9 et une disponibilit\u00e9 totale. Notre hotline 7 jours sur 7 vous accueille en permanence. N&rsquo;h\u00e9sitez pas \u00e0 nous joindre !<\/p>\n<p>[\/et_pb_text][et_pb_button button_url=\u00a0\u00bbhttps:\/\/yachtingstock.com\/\u00a0\u00bb button_text=\u00a0\u00bbAller sur le site\u00a0\u00bb _builder_version=\u00a0\u00bb3.23.3&Prime;][\/et_pb_button][\/et_pb_column][\/et_pb_row][\/et_pb_section]<\/p>\n","protected":false},"excerpt":{"rendered":"<p>[et_pb_section fb_built=\u00a0\u00bb1&Prime; _builder_version=\u00a0\u00bb3.23.3&Prime;][et_pb_row _builder_version=\u00a0\u00bb3.23.3&Prime;][et_pb_column type=\u00a0\u00bb1_4&Prime; _builder_version=\u00a0\u00bb3.23.3&Prime;][et_pb_image src=\u00a0\u00bbhttps:\/\/subvision-plongee.com\/wp-content\/uploads\/2020\/05\/nextnet-agence-communication-freelance-nice-yachting-stock-mockup-grand-guide.jpg\u00a0\u00bb _builder_version=\u00a0\u00bb3.23.3&Prime;][\/et_pb_image][\/et_pb_column][et_pb_column type=\u00a0\u00bb3_4&Prime; _builder_version=\u00a0\u00bb3.23.3&Prime;][et_pb_text _builder_version=\u00a0\u00bb3.23.3&Prime;] Yachtingstock Yachtingstock.com est un site de vente en ligne de mat\u00e9riel pour le nautisme. Vous y trouverez toutes les cat\u00e9gories de produits : mat\u00e9riel de s\u00e9curit\u00e9 (brassi\u00e8re et gilet de sauvetage, harnais, sac d&rsquo;armement), \u00e9lectronique (vhf, gps, sondeur, combin\u00e9, antenne et support d&rsquo;antenne), \u00e9lectricit\u00e9 [&hellip;]<\/p>\n","protected":false},"author":2,"featured_media":0,"parent":0,"menu_order":0,"comment_status":"closed","ping_status":"closed","template":"","meta":{"_et_pb_use_builder":"on","_et_pb_old_content":"","footnotes":""},"class_list":["post-562","page","type-page","status-publish","hentry"],"_links":{"self":[{"href":"https:\/\/subvision-plongee.com\/index.php\/wp-json\/wp\/v2\/pages\/562","targetHints":{"allow":["GET"]}}],"collection":[{"href":"https:\/\/subvision-plongee.com\/index.php\/wp-json\/wp\/v2\/pages"}],"about":[{"href":"https:\/\/subvision-plongee.com\/index.php\/wp-json\/wp\/v2\/types\/page"}],"author":[{"embeddable":true,"href":"https:\/\/subvision-plongee.com\/index.php\/wp-json\/wp\/v2\/users\/2"}],"replies":[{"embeddable":true,"href":"https:\/\/subvision-plongee.com\/index.php\/wp-json\/wp\/v2\/comments?post=562"}],"version-history":[{"count":2,"href":"https:\/\/subvision-plongee.com\/index.php\/wp-json\/wp\/v2\/pages\/562\/revisions"}],"predecessor-version":[{"id":619,"href":"https:\/\/subvision-plongee.com\/index.php\/wp-json\/wp\/v2\/pages\/562\/revisions\/619"}],"wp:attachment":[{"href":"https:\/\/subvision-plongee.com\/index.php\/wp-json\/wp\/v2\/media?parent=562"}],"curies":[{"name":"wp","href":"https:\/\/api.w.org\/{rel}","templated":true}]}}