{"id":560,"date":"2017-05-03T16:31:10","date_gmt":"2017-05-03T14:31:10","guid":{"rendered":"https:\/\/nextnet.fr\/wp34b5\/?page_id=560"},"modified":"2020-05-25T11:47:14","modified_gmt":"2020-05-25T09:47:14","slug":"guide-chirurgie-main-pied","status":"publish","type":"page","link":"https:\/\/subvision-plongee.com\/index.php\/guide-chirurgie-main-pied\/","title":{"rendered":"Guide chirurgie main pied"},"content":{"rendered":"<p>[et_pb_section fb_built=\u00a0\u00bb1&Prime; _builder_version=\u00a0\u00bb3.23.3&Prime;][et_pb_row _builder_version=\u00a0\u00bb3.23.3&Prime;][et_pb_column type=\u00a0\u00bb1_4&Prime; _builder_version=\u00a0\u00bb3.23.3&Prime;][et_pb_image src=\u00a0\u00bbhttps:\/\/subvision-plongee.com\/wp-content\/uploads\/2020\/05\/nextnet-agence-communication-freelance-nice-dr-becquet-mockup-5-guide.jpg\u00a0\u00bb _builder_version=\u00a0\u00bb3.23.3&Prime;][\/et_pb_image][\/et_pb_column][et_pb_column type=\u00a0\u00bb3_4&Prime; _builder_version=\u00a0\u00bb3.23.3&Prime;][et_pb_text _builder_version=\u00a0\u00bb3.23.3&Prime;]<\/p>\n<h2>Chirurgie main pied<\/h2>\n<p style=\"text-align: left;\">\n<p>Sur le site le docteur Eddy BECQUET et son \u00e9quipe<br \/>\nEnti\u00e8rement d\u00e9di\u00e9 \u00e0 la chirurgie du pied (Hallux valgus, mini-invasive et percutan\u00e9e\u2026) et de la main (Entorse, plaies\u2026), ce site \u00e0 pour vocation de d\u00e9livrer une information aussi compl\u00e8te et loyale que possible. Information au T\u00e9l : 04 93 169 169.<\/p>\n<p>En r\u00e9pondant \u00e0 vos questions et en apportant des informations pratiques, ce site vous permettra de mieux pr\u00e9parer une \u00e9ventuelle consultation , ou de prolonger celle ci \u00e0 t\u00eate repos\u00e9e. Nullement destin\u00e9 \u00e0 remplacer la consultation, et encore moins \u00e9courter la relation directe entre le patient et son m\u00e9decin, ce site internet sert d\u2019outil de communication efficace et de source d\u2019information au service du patient.\n<\/p>\n<p>[\/et_pb_text][et_pb_button button_url=\u00a0\u00bbhttps:\/\/chirurgie-main-pied.fr\/\u00a0\u00bb button_text=\u00a0\u00bbAller sur le site\u00a0\u00bb _builder_version=\u00a0\u00bb3.23.3&Prime;][\/et_pb_button][\/et_pb_column][\/et_pb_row][\/et_pb_section]<\/p>\n","protected":false},"excerpt":{"rendered":"<p>[et_pb_section fb_built=\u00a0\u00bb1&Prime; _builder_version=\u00a0\u00bb3.23.3&Prime;][et_pb_row _builder_version=\u00a0\u00bb3.23.3&Prime;][et_pb_column type=\u00a0\u00bb1_4&Prime; _builder_version=\u00a0\u00bb3.23.3&Prime;][et_pb_image src=\u00a0\u00bbhttps:\/\/subvision-plongee.com\/wp-content\/uploads\/2020\/05\/nextnet-agence-communication-freelance-nice-dr-becquet-mockup-5-guide.jpg\u00a0\u00bb _builder_version=\u00a0\u00bb3.23.3&Prime;][\/et_pb_image][\/et_pb_column][et_pb_column type=\u00a0\u00bb3_4&Prime; _builder_version=\u00a0\u00bb3.23.3&Prime;][et_pb_text _builder_version=\u00a0\u00bb3.23.3&Prime;] Chirurgie main pied Sur le site le docteur Eddy BECQUET et son \u00e9quipe Enti\u00e8rement d\u00e9di\u00e9 \u00e0 la chirurgie du pied (Hallux valgus, mini-invasive et percutan\u00e9e\u2026) et de la main (Entorse, plaies\u2026), ce site \u00e0 pour vocation de d\u00e9livrer une information aussi compl\u00e8te et loyale [&hellip;]<\/p>\n","protected":false},"author":2,"featured_media":0,"parent":0,"menu_order":0,"comment_status":"closed","ping_status":"closed","template":"","meta":{"_et_pb_use_builder":"on","_et_pb_old_content":"","footnotes":""},"class_list":["post-560","page","type-page","status-publish","hentry"],"_links":{"self":[{"href":"https:\/\/subvision-plongee.com\/index.php\/wp-json\/wp\/v2\/pages\/560","targetHints":{"allow":["GET"]}}],"collection":[{"href":"https:\/\/subvision-plongee.com\/index.php\/wp-json\/wp\/v2\/pages"}],"about":[{"href":"https:\/\/subvision-plongee.com\/index.php\/wp-json\/wp\/v2\/types\/page"}],"author":[{"embeddable":true,"href":"https:\/\/subvision-plongee.com\/index.php\/wp-json\/wp\/v2\/users\/2"}],"replies":[{"embeddable":true,"href":"https:\/\/subvision-plongee.com\/index.php\/wp-json\/wp\/v2\/comments?post=560"}],"version-history":[{"count":2,"href":"https:\/\/subvision-plongee.com\/index.php\/wp-json\/wp\/v2\/pages\/560\/revisions"}],"predecessor-version":[{"id":615,"href":"https:\/\/subvision-plongee.com\/index.php\/wp-json\/wp\/v2\/pages\/560\/revisions\/615"}],"wp:attachment":[{"href":"https:\/\/subvision-plongee.com\/index.php\/wp-json\/wp\/v2\/media?parent=560"}],"curies":[{"name":"wp","href":"https:\/\/api.w.org\/{rel}","templated":true}]}}