{"id":557,"date":"2017-05-03T16:30:57","date_gmt":"2017-05-03T14:30:57","guid":{"rendered":"https:\/\/nextnet.fr\/wp34b5\/?page_id=557"},"modified":"2020-05-25T11:48:31","modified_gmt":"2020-05-25T09:48:31","slug":"guide-subvision","status":"publish","type":"page","link":"https:\/\/subvision-plongee.com\/index.php\/guide-subvision\/","title":{"rendered":"Guide subvision"},"content":{"rendered":"<p>[et_pb_section fb_built=\u00a0\u00bb1&Prime; _builder_version=\u00a0\u00bb3.23.3&Prime;][et_pb_row _builder_version=\u00a0\u00bb3.23.3&Prime;][et_pb_column type=\u00a0\u00bb1_4&Prime; _builder_version=\u00a0\u00bb3.23.3&Prime;][et_pb_image src=\u00a0\u00bbhttps:\/\/subvision-plongee.com\/wp-content\/uploads\/2020\/05\/nextnet-agence-communication-freelance-nice-subvision-mockup-12-guide.jpg\u00a0\u00bb _builder_version=\u00a0\u00bb3.23.3&Prime;][\/et_pb_image][\/et_pb_column][et_pb_column type=\u00a0\u00bb3_4&Prime; _builder_version=\u00a0\u00bb3.23.3&Prime;][et_pb_text _builder_version=\u00a0\u00bb3.23.3&Prime;]<\/p>\n<h2>Subvision<\/h2>\n<p style=\"text-align: left;\">Plong\u00e9e Passion Professionnalisme<\/p>\n<p style=\"text-align: left;\">Le centre de plong\u00e9e Subvision est une structure professionnelle du 06 agr\u00e9\u00e9e par l\u2019organisation Scuba School International SSI, la CMAS (FSGT et FFESSM) dirig\u00e9e par deux moniteurs dipl\u00f4m\u00e9s d\u2019\u00e9tat reconnus pour leur professionnalisme.<\/p>\n<p>Notre \u00e9quipe \u00e0 pour objectif de faire profiter nos clients des magnifiques sites de plong\u00e9e du 06, en particulier ceux de la baie de Golfe Juan et des \u00eeles de L\u00e9rins, entre Cannes et Nice, en variant les sites au maximum. Nous proposons des sorties \u00e0 la journ\u00e9e avec d\u00e9jeuner sur les \u00eeles de L\u00e9rins ou des plong\u00e9es de nuit suivies d\u2019un barbecue \u00e0 bord, afin de varier les plaisir de nos clients, sans aucun compromis sur la s\u00e9curit\u00e9.<\/p>\n<p>[\/et_pb_text][et_pb_button button_url=\u00a0\u00bbhttps:\/\/subvision-plongee.com\/\u00a0\u00bb button_text=\u00a0\u00bbAller sur le site\u00a0\u00bb _builder_version=\u00a0\u00bb3.23.3&Prime;][\/et_pb_button][\/et_pb_column][\/et_pb_row][\/et_pb_section]<\/p>\n","protected":false},"excerpt":{"rendered":"<p>[et_pb_section fb_built=\u00a0\u00bb1&Prime; _builder_version=\u00a0\u00bb3.23.3&Prime;][et_pb_row _builder_version=\u00a0\u00bb3.23.3&Prime;][et_pb_column type=\u00a0\u00bb1_4&Prime; _builder_version=\u00a0\u00bb3.23.3&Prime;][et_pb_image src=\u00a0\u00bbhttps:\/\/subvision-plongee.com\/wp-content\/uploads\/2020\/05\/nextnet-agence-communication-freelance-nice-subvision-mockup-12-guide.jpg\u00a0\u00bb _builder_version=\u00a0\u00bb3.23.3&Prime;][\/et_pb_image][\/et_pb_column][et_pb_column type=\u00a0\u00bb3_4&Prime; _builder_version=\u00a0\u00bb3.23.3&Prime;][et_pb_text _builder_version=\u00a0\u00bb3.23.3&Prime;] Subvision Plong\u00e9e Passion Professionnalisme Le centre de plong\u00e9e Subvision est une structure professionnelle du 06 agr\u00e9\u00e9e par l\u2019organisation Scuba School International SSI, la CMAS (FSGT et FFESSM) dirig\u00e9e par deux moniteurs dipl\u00f4m\u00e9s d\u2019\u00e9tat reconnus pour leur professionnalisme. Notre \u00e9quipe \u00e0 pour objectif de faire [&hellip;]<\/p>\n","protected":false},"author":2,"featured_media":0,"parent":0,"menu_order":0,"comment_status":"closed","ping_status":"closed","template":"","meta":{"_et_pb_use_builder":"on","_et_pb_old_content":"","footnotes":""},"class_list":["post-557","page","type-page","status-publish","hentry"],"_links":{"self":[{"href":"https:\/\/subvision-plongee.com\/index.php\/wp-json\/wp\/v2\/pages\/557","targetHints":{"allow":["GET"]}}],"collection":[{"href":"https:\/\/subvision-plongee.com\/index.php\/wp-json\/wp\/v2\/pages"}],"about":[{"href":"https:\/\/subvision-plongee.com\/index.php\/wp-json\/wp\/v2\/types\/page"}],"author":[{"embeddable":true,"href":"https:\/\/subvision-plongee.com\/index.php\/wp-json\/wp\/v2\/users\/2"}],"replies":[{"embeddable":true,"href":"https:\/\/subvision-plongee.com\/index.php\/wp-json\/wp\/v2\/comments?post=557"}],"version-history":[{"count":2,"href":"https:\/\/subvision-plongee.com\/index.php\/wp-json\/wp\/v2\/pages\/557\/revisions"}],"predecessor-version":[{"id":609,"href":"https:\/\/subvision-plongee.com\/index.php\/wp-json\/wp\/v2\/pages\/557\/revisions\/609"}],"wp:attachment":[{"href":"https:\/\/subvision-plongee.com\/index.php\/wp-json\/wp\/v2\/media?parent=557"}],"curies":[{"name":"wp","href":"https:\/\/api.w.org\/{rel}","templated":true}]}}