{"id":555,"date":"2017-05-03T16:30:53","date_gmt":"2017-05-03T14:30:53","guid":{"rendered":"https:\/\/nextnet.fr\/wp34b5\/?page_id=555"},"modified":"2020-05-25T11:47:28","modified_gmt":"2020-05-25T09:47:28","slug":"guide-curry-house","status":"publish","type":"page","link":"https:\/\/subvision-plongee.com\/index.php\/guide-curry-house\/","title":{"rendered":"Guide curry house"},"content":{"rendered":"<p>[et_pb_section fb_built=\u00a0\u00bb1&Prime; _builder_version=\u00a0\u00bb3.23.3&Prime;][et_pb_row _builder_version=\u00a0\u00bb3.23.3&Prime;][et_pb_column type=\u00a0\u00bb1_4&Prime; _builder_version=\u00a0\u00bb3.23.3&Prime;][et_pb_image src=\u00a0\u00bbhttps:\/\/subvision-plongee.com\/wp-content\/uploads\/2020\/05\/nextnet-agence-communication-freelance-nice-maison-du-curry-mockup-4-guide.jpg\u00a0\u00bb _builder_version=\u00a0\u00bb3.23.3&Prime;][\/et_pb_image][\/et_pb_column][et_pb_column type=\u00a0\u00bb3_4&Prime; _builder_version=\u00a0\u00bb3.23.3&Prime;][et_pb_text _builder_version=\u00a0\u00bb3.23.3&Prime;]<\/p>\n<h2>Curry House<\/h2>\n<p style=\"text-align: left;\">Au c\u0153ur de Mougins, la maison du Curry vous propose un accueil chaleureux et de d\u00e9licieux plats indiens soigneusement pr\u00e9par\u00e9s par son chef indien avec les ingr\u00e9dients les meilleurs et les plus frais. Laissez-vous tenter ! Shejan et son \u00e9quipe accueillante vous assureront de passer une soir\u00e9e agr\u00e9able avec des plats indiens haut de gamme !<\/p>\n<p>D\u00e8s votre entr\u00e9e au restaurant, vous serez enti\u00e8rement immerg\u00e9 dans une ambiance insolite, propre au d\u00e9paysement. On vous propose une cuisine faite \u00e0 base de produits frais et d\u2019\u00e9pices indiennes de tr\u00e8s bonne qualit\u00e9. D\u00e9couvrez la sp\u00e9cialit\u00e9 du chef : le tandoori, de la viande marin\u00e9e dans des \u00e9pices puis r\u00f4tie dans un four en argile. <\/p>\n<p>[\/et_pb_text][et_pb_button button_url=\u00a0\u00bbhttps:\/\/www.curryhouse06.fr\/?l=fr\u00a0\u00bb button_text=\u00a0\u00bbAller sur le site\u00a0\u00bb _builder_version=\u00a0\u00bb3.23.3&Prime;][\/et_pb_button][\/et_pb_column][\/et_pb_row][\/et_pb_section]<\/p>\n","protected":false},"excerpt":{"rendered":"<p>[et_pb_section fb_built=\u00a0\u00bb1&Prime; _builder_version=\u00a0\u00bb3.23.3&Prime;][et_pb_row _builder_version=\u00a0\u00bb3.23.3&Prime;][et_pb_column type=\u00a0\u00bb1_4&Prime; _builder_version=\u00a0\u00bb3.23.3&Prime;][et_pb_image src=\u00a0\u00bbhttps:\/\/subvision-plongee.com\/wp-content\/uploads\/2020\/05\/nextnet-agence-communication-freelance-nice-maison-du-curry-mockup-4-guide.jpg\u00a0\u00bb _builder_version=\u00a0\u00bb3.23.3&Prime;][\/et_pb_image][\/et_pb_column][et_pb_column type=\u00a0\u00bb3_4&Prime; _builder_version=\u00a0\u00bb3.23.3&Prime;][et_pb_text _builder_version=\u00a0\u00bb3.23.3&Prime;] Curry House Au c\u0153ur de Mougins, la maison du Curry vous propose un accueil chaleureux et de d\u00e9licieux plats indiens soigneusement pr\u00e9par\u00e9s par son chef indien avec les ingr\u00e9dients les meilleurs et les plus frais. Laissez-vous tenter ! Shejan et son \u00e9quipe accueillante vous [&hellip;]<\/p>\n","protected":false},"author":2,"featured_media":0,"parent":0,"menu_order":0,"comment_status":"closed","ping_status":"closed","template":"","meta":{"_et_pb_use_builder":"on","_et_pb_old_content":"","footnotes":""},"class_list":["post-555","page","type-page","status-publish","hentry"],"_links":{"self":[{"href":"https:\/\/subvision-plongee.com\/index.php\/wp-json\/wp\/v2\/pages\/555","targetHints":{"allow":["GET"]}}],"collection":[{"href":"https:\/\/subvision-plongee.com\/index.php\/wp-json\/wp\/v2\/pages"}],"about":[{"href":"https:\/\/subvision-plongee.com\/index.php\/wp-json\/wp\/v2\/types\/page"}],"author":[{"embeddable":true,"href":"https:\/\/subvision-plongee.com\/index.php\/wp-json\/wp\/v2\/users\/2"}],"replies":[{"embeddable":true,"href":"https:\/\/subvision-plongee.com\/index.php\/wp-json\/wp\/v2\/comments?post=555"}],"version-history":[{"count":2,"href":"https:\/\/subvision-plongee.com\/index.php\/wp-json\/wp\/v2\/pages\/555\/revisions"}],"predecessor-version":[{"id":649,"href":"https:\/\/subvision-plongee.com\/index.php\/wp-json\/wp\/v2\/pages\/555\/revisions\/649"}],"wp:attachment":[{"href":"https:\/\/subvision-plongee.com\/index.php\/wp-json\/wp\/v2\/media?parent=555"}],"curies":[{"name":"wp","href":"https:\/\/api.w.org\/{rel}","templated":true}]}}