{"id":554,"date":"2017-05-03T16:30:51","date_gmt":"2017-05-03T14:30:51","guid":{"rendered":"https:\/\/nextnet.fr\/wp34b5\/?page_id=554"},"modified":"2020-05-25T11:47:51","modified_gmt":"2020-05-25T09:47:51","slug":"guide-hugo-and-son","status":"publish","type":"page","link":"https:\/\/subvision-plongee.com\/index.php\/guide-hugo-and-son\/","title":{"rendered":"Guide hugo and son"},"content":{"rendered":"<p>[et_pb_section fb_built=\u00a0\u00bb1&Prime; _builder_version=\u00a0\u00bb3.23.3&Prime;][et_pb_row _builder_version=\u00a0\u00bb3.23.3&Prime;][et_pb_column type=\u00a0\u00bb1_4&Prime; _builder_version=\u00a0\u00bb3.23.3&Prime;][et_pb_image src=\u00a0\u00bbhttps:\/\/subvision-plongee.com\/wp-content\/uploads\/2020\/05\/nextnet-agence-communication-freelance-nice-hugo-and-son-mockup-46-guide.jpg\u00a0\u00bb _builder_version=\u00a0\u00bb3.23.3&Prime;][\/et_pb_image][\/et_pb_column][et_pb_column type=\u00a0\u00bb3_4&Prime; _builder_version=\u00a0\u00bb3.23.3&Prime;][et_pb_text _builder_version=\u00a0\u00bb3.23.3&Prime;]<\/p>\n<h2>Hugo and Son<\/h2>\n<p style=\"text-align: left;\">Bracelets homme et enfant<br \/>\nCREATION ET FABRICATION FRANCAISE<\/p>\n<p>Nous garantissons une fabrication fran\u00e7aise, toutes nos pi\u00e8ces sont r\u00e9alis\u00e9es \u00e0 la main dans notre atelier de Beaulieu-sur-Mer, avec la plus grande attention sur les finitions. Vous recevrez votre bijou dans une pochette en toile comprenant notre logo HUGO &#038; SON.<\/p>\n<p>Les bijoux homme et enfant HUGO &#038; SON sont compos\u00e9s de pierres fines naturelles. Ces pierres semi pr\u00e9cieuses apportent aux cr\u00e9ations une \u00e9l\u00e9gance incomparable. Elles permettent aussi de garantir un bijou qui ne s&rsquo;alt\u00e8rera pas au fil du temps.<\/p>\n<p>La livraison est gratuite \u00e0 destination de la France et de Monaco, en lettre suivie. <\/p>\n<p>[\/et_pb_text][et_pb_button button_url=\u00a0\u00bbhttps:\/\/hugo-and-son.com\/\u00a0\u00bb button_text=\u00a0\u00bbAller sur le site\u00a0\u00bb _builder_version=\u00a0\u00bb3.23.3&Prime;][\/et_pb_button][\/et_pb_column][\/et_pb_row][\/et_pb_section]<\/p>\n","protected":false},"excerpt":{"rendered":"<p>[et_pb_section fb_built=\u00a0\u00bb1&Prime; _builder_version=\u00a0\u00bb3.23.3&Prime;][et_pb_row _builder_version=\u00a0\u00bb3.23.3&Prime;][et_pb_column type=\u00a0\u00bb1_4&Prime; _builder_version=\u00a0\u00bb3.23.3&Prime;][et_pb_image src=\u00a0\u00bbhttps:\/\/subvision-plongee.com\/wp-content\/uploads\/2020\/05\/nextnet-agence-communication-freelance-nice-hugo-and-son-mockup-46-guide.jpg\u00a0\u00bb _builder_version=\u00a0\u00bb3.23.3&Prime;][\/et_pb_image][\/et_pb_column][et_pb_column type=\u00a0\u00bb3_4&Prime; _builder_version=\u00a0\u00bb3.23.3&Prime;][et_pb_text _builder_version=\u00a0\u00bb3.23.3&Prime;] Hugo and Son Bracelets homme et enfant CREATION ET FABRICATION FRANCAISE Nous garantissons une fabrication fran\u00e7aise, toutes nos pi\u00e8ces sont r\u00e9alis\u00e9es \u00e0 la main dans notre atelier de Beaulieu-sur-Mer, avec la plus grande attention sur les finitions. Vous recevrez votre bijou dans une pochette [&hellip;]<\/p>\n","protected":false},"author":2,"featured_media":0,"parent":0,"menu_order":0,"comment_status":"closed","ping_status":"closed","template":"","meta":{"_et_pb_use_builder":"on","_et_pb_old_content":"","footnotes":""},"class_list":["post-554","page","type-page","status-publish","hentry"],"_links":{"self":[{"href":"https:\/\/subvision-plongee.com\/index.php\/wp-json\/wp\/v2\/pages\/554","targetHints":{"allow":["GET"]}}],"collection":[{"href":"https:\/\/subvision-plongee.com\/index.php\/wp-json\/wp\/v2\/pages"}],"about":[{"href":"https:\/\/subvision-plongee.com\/index.php\/wp-json\/wp\/v2\/types\/page"}],"author":[{"embeddable":true,"href":"https:\/\/subvision-plongee.com\/index.php\/wp-json\/wp\/v2\/users\/2"}],"replies":[{"embeddable":true,"href":"https:\/\/subvision-plongee.com\/index.php\/wp-json\/wp\/v2\/comments?post=554"}],"version-history":[{"count":2,"href":"https:\/\/subvision-plongee.com\/index.php\/wp-json\/wp\/v2\/pages\/554\/revisions"}],"predecessor-version":[{"id":647,"href":"https:\/\/subvision-plongee.com\/index.php\/wp-json\/wp\/v2\/pages\/554\/revisions\/647"}],"wp:attachment":[{"href":"https:\/\/subvision-plongee.com\/index.php\/wp-json\/wp\/v2\/media?parent=554"}],"curies":[{"name":"wp","href":"https:\/\/api.w.org\/{rel}","templated":true}]}}