{"id":553,"date":"2017-05-03T16:30:49","date_gmt":"2017-05-03T14:30:49","guid":{"rendered":"https:\/\/nextnet.fr\/wp34b5\/?page_id=553"},"modified":"2020-05-25T11:48:09","modified_gmt":"2020-05-25T09:48:09","slug":"guide-neodym","status":"publish","type":"page","link":"https:\/\/subvision-plongee.com\/index.php\/guide-neodym\/","title":{"rendered":"Guide neodym"},"content":{"rendered":"<p>[et_pb_section fb_built=\u00a0\u00bb1&Prime; _builder_version=\u00a0\u00bb3.23.3&Prime;][et_pb_row _builder_version=\u00a0\u00bb3.23.3&Prime;][et_pb_column type=\u00a0\u00bb1_4&Prime; _builder_version=\u00a0\u00bb3.23.3&Prime;][et_pb_image src=\u00a0\u00bbhttps:\/\/subvision-plongee.com\/wp-content\/uploads\/2020\/05\/nextnet-agence-communication-freelance-nice-neodym-mockup-4-guide.jpg\u00a0\u00bb _builder_version=\u00a0\u00bb3.23.3&Prime;][\/et_pb_image][\/et_pb_column][et_pb_column type=\u00a0\u00bb3_4&Prime; _builder_version=\u00a0\u00bb3.23.3&Prime;][et_pb_text _builder_version=\u00a0\u00bb3.23.3&Prime;]<\/p>\n<h2>Neodym<\/h2>\n<p style=\"text-align: left;\">Soci\u00e9t\u00e9 de conseil et communication, r\u00e9alisant des prestations dans le domaine du technologique et m\u00e9dical.<\/p>\n<p>NEODYM s&rsquo;est constitu\u00e9e fin 2015, par l\u2019association de 3 techniciens ayant d\u00e9cid\u00e9 de mettre en commun leurs exp\u00e9riences, principalement acquises dans les secteurs de a\u00e9rospatiale, du m\u00e9dical et de l\u2019architecture.<\/p>\n<p>Les exp\u00e9riences et les comp\u00e9tences des cog\u00e9rants fondateurs et des salari\u00e9s sont mises au service des industriels, collectivit\u00e9s et administrations dans le but de les aider dans leurs d\u00e9marches li\u00e9es \u00e0 la communication de processus, de conception d&rsquo;installations ou produits et la pr\u00e9sentations de concepts ou projets en vue de communication \u00e0 un large publique.<\/p>\n<p>[\/et_pb_text][et_pb_button button_url=\u00a0\u00bbhttps:\/\/www.neodym.fr\/\u00a0\u00bb button_text=\u00a0\u00bbAller sur le site\u00a0\u00bb _builder_version=\u00a0\u00bb3.23.3&Prime;][\/et_pb_button][\/et_pb_column][\/et_pb_row][\/et_pb_section]<\/p>\n","protected":false},"excerpt":{"rendered":"<p>[et_pb_section fb_built=\u00a0\u00bb1&Prime; _builder_version=\u00a0\u00bb3.23.3&Prime;][et_pb_row _builder_version=\u00a0\u00bb3.23.3&Prime;][et_pb_column type=\u00a0\u00bb1_4&Prime; _builder_version=\u00a0\u00bb3.23.3&Prime;][et_pb_image src=\u00a0\u00bbhttps:\/\/subvision-plongee.com\/wp-content\/uploads\/2020\/05\/nextnet-agence-communication-freelance-nice-neodym-mockup-4-guide.jpg\u00a0\u00bb _builder_version=\u00a0\u00bb3.23.3&Prime;][\/et_pb_image][\/et_pb_column][et_pb_column type=\u00a0\u00bb3_4&Prime; _builder_version=\u00a0\u00bb3.23.3&Prime;][et_pb_text _builder_version=\u00a0\u00bb3.23.3&Prime;] Neodym Soci\u00e9t\u00e9 de conseil et communication, r\u00e9alisant des prestations dans le domaine du technologique et m\u00e9dical. NEODYM s&rsquo;est constitu\u00e9e fin 2015, par l\u2019association de 3 techniciens ayant d\u00e9cid\u00e9 de mettre en commun leurs exp\u00e9riences, principalement acquises dans les secteurs de a\u00e9rospatiale, du m\u00e9dical et [&hellip;]<\/p>\n","protected":false},"author":2,"featured_media":0,"parent":0,"menu_order":0,"comment_status":"closed","ping_status":"closed","template":"","meta":{"_et_pb_use_builder":"on","_et_pb_old_content":"","footnotes":""},"class_list":["post-553","page","type-page","status-publish","hentry"],"_links":{"self":[{"href":"https:\/\/subvision-plongee.com\/index.php\/wp-json\/wp\/v2\/pages\/553","targetHints":{"allow":["GET"]}}],"collection":[{"href":"https:\/\/subvision-plongee.com\/index.php\/wp-json\/wp\/v2\/pages"}],"about":[{"href":"https:\/\/subvision-plongee.com\/index.php\/wp-json\/wp\/v2\/types\/page"}],"author":[{"embeddable":true,"href":"https:\/\/subvision-plongee.com\/index.php\/wp-json\/wp\/v2\/users\/2"}],"replies":[{"embeddable":true,"href":"https:\/\/subvision-plongee.com\/index.php\/wp-json\/wp\/v2\/comments?post=553"}],"version-history":[{"count":2,"href":"https:\/\/subvision-plongee.com\/index.php\/wp-json\/wp\/v2\/pages\/553\/revisions"}],"predecessor-version":[{"id":645,"href":"https:\/\/subvision-plongee.com\/index.php\/wp-json\/wp\/v2\/pages\/553\/revisions\/645"}],"wp:attachment":[{"href":"https:\/\/subvision-plongee.com\/index.php\/wp-json\/wp\/v2\/media?parent=553"}],"curies":[{"name":"wp","href":"https:\/\/api.w.org\/{rel}","templated":true}]}}