{"id":547,"date":"2017-05-03T16:30:36","date_gmt":"2017-05-03T14:30:36","guid":{"rendered":"https:\/\/nextnet.fr\/wp34b5\/?page_id=547"},"modified":"2020-05-25T11:48:28","modified_gmt":"2020-05-25T09:48:28","slug":"guide-spicylia","status":"publish","type":"page","link":"https:\/\/subvision-plongee.com\/index.php\/guide-spicylia\/","title":{"rendered":"Guide spicylia"},"content":{"rendered":"<p>[et_pb_section fb_built=\u00a0\u00bb1&Prime; _builder_version=\u00a0\u00bb3.23.3&Prime;][et_pb_row _builder_version=\u00a0\u00bb3.23.3&Prime;][et_pb_column type=\u00a0\u00bb1_4&Prime; _builder_version=\u00a0\u00bb3.23.3&Prime;][et_pb_image src=\u00a0\u00bbhttps:\/\/subvision-plongee.com\/wp-content\/uploads\/2020\/05\/nextnet-agence-communication-freelance-nice-spicylia-mockup-4-guide.jpg\u00a0\u00bb _builder_version=\u00a0\u00bb3.23.3&Prime;][\/et_pb_image][\/et_pb_column][et_pb_column type=\u00a0\u00bb3_4&Prime; _builder_version=\u00a0\u00bb3.23.3&Prime;][et_pb_text _builder_version=\u00a0\u00bb3.23.3&Prime;]<\/p>\n<h2>Spicylia<\/h2>\n<p style=\"text-align: left;\">D\u00e9couvrez ici des d\u00e9licieuses recettes vegan qui prouvent que la nature rec\u00e8le des fruits et l\u00e9gumes bons et r\u00e9confortants qui vont vous donner le go\u00fbt de cette cuisine tr\u00e8s riche en saveurs.<\/p>\n<p>Vous avez envie de manger moins de viande ou de laitages mais vous manquez d&rsquo;id\u00e9es pour cuisiner les l\u00e9gumes de saison, les c\u00e9r\u00e9ales et l\u00e9gumineuses ? D\u00e9couvrez ici des d\u00e9licieuses recettes vegan qui prouvent que la nature rec\u00e8le des fruits et l\u00e9gumes bons et r\u00e9confortants qui vont vous donner le go\u00fbt de cette cuisine tr\u00e8s riche en saveurs.<\/p>\n<p>[\/et_pb_text][et_pb_button button_url=\u00a0\u00bbhttps:\/\/spicylia.com\/\u00a0\u00bb button_text=\u00a0\u00bbAller sur le site\u00a0\u00bb _builder_version=\u00a0\u00bb3.23.3&Prime;][\/et_pb_button][\/et_pb_column][\/et_pb_row][\/et_pb_section]<\/p>\n","protected":false},"excerpt":{"rendered":"<p>[et_pb_section fb_built=\u00a0\u00bb1&Prime; _builder_version=\u00a0\u00bb3.23.3&Prime;][et_pb_row _builder_version=\u00a0\u00bb3.23.3&Prime;][et_pb_column type=\u00a0\u00bb1_4&Prime; _builder_version=\u00a0\u00bb3.23.3&Prime;][et_pb_image src=\u00a0\u00bbhttps:\/\/subvision-plongee.com\/wp-content\/uploads\/2020\/05\/nextnet-agence-communication-freelance-nice-spicylia-mockup-4-guide.jpg\u00a0\u00bb _builder_version=\u00a0\u00bb3.23.3&Prime;][\/et_pb_image][\/et_pb_column][et_pb_column type=\u00a0\u00bb3_4&Prime; _builder_version=\u00a0\u00bb3.23.3&Prime;][et_pb_text _builder_version=\u00a0\u00bb3.23.3&Prime;] Spicylia D\u00e9couvrez ici des d\u00e9licieuses recettes vegan qui prouvent que la nature rec\u00e8le des fruits et l\u00e9gumes bons et r\u00e9confortants qui vont vous donner le go\u00fbt de cette cuisine tr\u00e8s riche en saveurs. Vous avez envie de manger moins de viande ou de laitages [&hellip;]<\/p>\n","protected":false},"author":2,"featured_media":0,"parent":0,"menu_order":0,"comment_status":"closed","ping_status":"closed","template":"","meta":{"_et_pb_use_builder":"on","_et_pb_old_content":"","footnotes":""},"class_list":["post-547","page","type-page","status-publish","hentry"],"_links":{"self":[{"href":"https:\/\/subvision-plongee.com\/index.php\/wp-json\/wp\/v2\/pages\/547","targetHints":{"allow":["GET"]}}],"collection":[{"href":"https:\/\/subvision-plongee.com\/index.php\/wp-json\/wp\/v2\/pages"}],"about":[{"href":"https:\/\/subvision-plongee.com\/index.php\/wp-json\/wp\/v2\/types\/page"}],"author":[{"embeddable":true,"href":"https:\/\/subvision-plongee.com\/index.php\/wp-json\/wp\/v2\/users\/2"}],"replies":[{"embeddable":true,"href":"https:\/\/subvision-plongee.com\/index.php\/wp-json\/wp\/v2\/comments?post=547"}],"version-history":[{"count":2,"href":"https:\/\/subvision-plongee.com\/index.php\/wp-json\/wp\/v2\/pages\/547\/revisions"}],"predecessor-version":[{"id":627,"href":"https:\/\/subvision-plongee.com\/index.php\/wp-json\/wp\/v2\/pages\/547\/revisions\/627"}],"wp:attachment":[{"href":"https:\/\/subvision-plongee.com\/index.php\/wp-json\/wp\/v2\/media?parent=547"}],"curies":[{"name":"wp","href":"https:\/\/api.w.org\/{rel}","templated":true}]}}