{"id":179,"date":"2020-03-21T14:40:48","date_gmt":"2020-03-21T13:40:48","guid":{"rendered":"https:\/\/nextnet.fr\/wp34b5\/?page_id=179"},"modified":"2020-04-01T16:12:35","modified_gmt":"2020-04-01T14:12:35","slug":"regis-beyssac","status":"publish","type":"page","link":"https:\/\/subvision-plongee.com\/index.php\/regis-beyssac\/","title":{"rendered":"R\u00e9gis Beyssac"},"content":{"rendered":"<p>[et_pb_section fb_built=\u00a0\u00bb1&Prime; _builder_version=\u00a0\u00bb3.23.3&Prime; background_image=\u00a0\u00bbhttps:\/\/subvision-plongee.com\/wp-content\/uploads\/2020\/03\/mechanic-57-1.png\u00a0\u00bb][et_pb_row _builder_version=\u00a0\u00bb3.23.3&Prime;][et_pb_column type=\u00a0\u00bb2_5&Prime; _builder_version=\u00a0\u00bb3.23.3&Prime;][et_pb_image src=\u00a0\u00bbhttps:\/\/subvision-plongee.com\/wp-content\/uploads\/2020\/04\/subvision-club-diving-plongee-cannes-nice-regis.jpg\u00a0\u00bb _builder_version=\u00a0\u00bb3.23.3&Prime;][\/et_pb_image][\/et_pb_column][et_pb_column type=\u00a0\u00bb3_5&Prime; _builder_version=\u00a0\u00bb3.23.3&Prime;][et_pb_text _builder_version=\u00a0\u00bb3.23.3&Prime; text_font=\u00a0\u00bb||||||||\u00a0\u00bb text_font_size=\u00a0\u00bb16px\u00a0\u00bb text_line_height=\u00a0\u00bb1.8em\u00a0\u00bb header_font=\u00a0\u00bb||||||||\u00a0\u00bb header_2_font=\u00a0\u00bb||||||||\u00a0\u00bb header_2_font_size=\u00a0\u00bb40px\u00a0\u00bb]<\/p>\n<h2>R\u00e9gis Beyssac<\/h2>\n<p>&nbsp;<\/p>\n<p>R\u00e9gis Beyssac, Professionnel depuis 2006, plongeurs et encadrants en club associatifs depuis des ann\u00e9es, R\u00e9gis a d\u00e9cid\u00e9 de changer de vie pour notre plus grand plaisir et celui de nos clients. <br \/>Instructeur SSI, scaphandrier classe 2B, responsable SAV, sa bonhommie et son sourire vont de paire avec sa comp\u00e9tence comme plongeur et comme encadrant. Faire d\u00e9couvrir la baie de Golfe Juan, du Cap d\u2019Antibes aux \u00eeles de Lerins et son milieu si fragile et exceptionnel fait partie des plaisirs de notre m\u00e9tier.<\/p>\n<p> \u201d Mon exp\u00e9rience me permet de vous former et de vous faire d\u00e9couvrir les fonds marins en mettant tout en oeuvre pour votre plaisir et votre s\u00e9curit\u00e9. <br \/>Rien n\u2019est plus gratifiant qu\u2019un plongeur heureux \u00e0 la sortie d\u2019une plong\u00e9e, cette exp\u00e9rience rare et unique reste grav\u00e9 dans les m\u00e9moires des plus jeunes aux plus exp\u00e9riment\u00e9s. La diversit\u00e9 des sites de la baie de Golfe Juan 06, nous permet de vous proposer une vari\u00e9t\u00e9 de sites diff\u00e9rents \u00e0 chaque plong\u00e9e. <br \/>Quelles soient techniques, ou d\u2019explorations il est important que nos plongeurs restent dans la d\u00e9couverte et la contemplation, notre centre de plong\u00e9e se consacre aux plongeurs et fait tout ce qui est possible pour les satisfaire. C\u2019est pour cela que j\u2019attache un int\u00e9r\u00eat particulier au Souvenez-Vous, navire spacieux et en bois, que nous avons r\u00e9nov\u00e9s au fil des ann\u00e9es depuis 5 ans, pour que vous soyez confortablement install\u00e9s.<\/p>\n<p> Pour vous, je mets \u00e9galement mon professionnalisme au service du mat\u00e9riel du centre de plong\u00e9e pour qu\u2019il soit toujours en excellent \u00e9tat de fonctionnement, de m\u00eame lorsque je m\u2019occupe de r\u00e9viser le mat\u00e9riel de nos plongeurs c\u2019est toujours avec la m\u00eame minutie et le m\u00eame professionnalisme. Pensez \u00e0 faire r\u00e9viser r\u00e9guli\u00e8rement vos d\u00e9tendeurs et votre gilet, ils garantissent votre s\u00e9curit\u00e9 et celle de vos \u00e9quipiers, Regis, qualifi\u00e9 pour le mat\u00e9riel Mares et Aqualung fera tout pour que votre mat\u00e9riel soit pr\u00eat dans les meilleurs d\u00e9lais.\u201d<\/p>\n<p>T\u00e9l : +33 06 77 74 71 37<br \/> Email: regis@subvision-plongee.com<\/p>\n<p>[\/et_pb_text][\/et_pb_column][\/et_pb_row][\/et_pb_section][et_pb_section fb_built=\u00a0\u00bb1&Prime; admin_label=\u00a0\u00bbFooter\u00a0\u00bb _builder_version=\u00a0\u00bb3.22.4&Prime; background_color=\u00a0\u00bb#eaeaf1&Prime; background_image=\u00a0\u00bbhttps:\/\/subvision-plongee.com\/wp-content\/uploads\/2020\/03\/mechanic-34.png\u00a0\u00bb background_position=\u00a0\u00bbbottom_center\u00a0\u00bb custom_padding=\u00a0\u00bb8vw||8vw||true|\u00a0\u00bb locked=\u00a0\u00bboff\u00a0\u00bb][et_pb_row use_custom_gutter=\u00a0\u00bbon\u00a0\u00bb gutter_width=\u00a0\u00bb1&Prime; custom_padding=\u00a0\u00bb0|0px|0px|0px|false|false\u00a0\u00bb make_equal=\u00a0\u00bbon\u00a0\u00bb background_color_1=\u00a0\u00bb#f71635&Prime; bg_img_2=\u00a0\u00bbhttps:\/\/subvision-plongee.com\/wp-content\/uploads\/2020\/03\/nextnet-agence-communication-freelance-nice-subvision-plongee-golfe-juan-photo-1.jpg\u00a0\u00bb bg_img_3=\u00a0\u00bbhttps:\/\/subvision-plongee.com\/wp-content\/uploads\/2020\/04\/subvision-club-diving-plongee-cannes-nice-photo-2.jpg\u00a0\u00bb padding_top_bottom_link_1=\u00a0\u00bbtrue\u00a0\u00bb padding_top_bottom_link_2=\u00a0\u00bbtrue\u00a0\u00bb padding_top_bottom_link_3=\u00a0\u00bbtrue\u00a0\u00bb padding_left_right_link_1=\u00a0\u00bbtrue\u00a0\u00bb padding_left_right_link_2=\u00a0\u00bbtrue\u00a0\u00bb padding_left_right_link_3=\u00a0\u00bbtrue\u00a0\u00bb use_background_color_gradient_2=\u00a0\u00bbon\u00a0\u00bb use_background_color_gradient_3=\u00a0\u00bbon\u00a0\u00bb background_color_gradient_start_2=\u00a0\u00bbrgba(2,24,39,0.7)\u00a0\u00bb background_color_gradient_start_3=\u00a0\u00bbrgba(255,255,255,0.9)\u00a0\u00bb background_color_gradient_end_2=\u00a0\u00bbrgba(2,24,39,0.6)\u00a0\u00bb background_color_gradient_end_3=\u00a0\u00bb#ffffff\u00a0\u00bb background_color_gradient_overlays_image_2=\u00a0\u00bbon\u00a0\u00bb background_color_gradient_overlays_image_3=\u00a0\u00bbon\u00a0\u00bb padding_top_1=\u00a0\u00bb100px\u00a0\u00bb padding_top_2=\u00a0\u00bb100px\u00a0\u00bb padding_top_3=\u00a0\u00bb100px\u00a0\u00bb padding_right_1=\u00a0\u00bb40px\u00a0\u00bb padding_right_2=\u00a0\u00bb40px\u00a0\u00bb padding_right_3=\u00a0\u00bb40px\u00a0\u00bb padding_bottom_1=\u00a0\u00bb100px\u00a0\u00bb padding_bottom_2=\u00a0\u00bb100px\u00a0\u00bb padding_bottom_3=\u00a0\u00bb100px\u00a0\u00bb padding_left_1=\u00a0\u00bb40px\u00a0\u00bb padding_left_2=\u00a0\u00bb40px\u00a0\u00bb padding_left_3=\u00a0\u00bb40px\u00a0\u00bb padding_1_tablet=\u00a0\u00bb50px||50px||true\u00a0\u00bb padding_2_tablet=\u00a0\u00bb50px||50px||true\u00a0\u00bb padding_3_tablet=\u00a0\u00bb50px||50px||true\u00a0\u00bb padding_1_last_edited=\u00a0\u00bbon|desktop\u00a0\u00bb padding_2_last_edited=\u00a0\u00bbon|desktop\u00a0\u00bb padding_3_last_edited=\u00a0\u00bbon|phone\u00a0\u00bb _builder_version=\u00a0\u00bb3.23.3&Prime; box_shadow_style=\u00a0\u00bbpreset2&Prime; box_shadow_vertical=\u00a0\u00bb28px\u00a0\u00bb box_shadow_blur=\u00a0\u00bb40px\u00a0\u00bb box_shadow_color=\u00a0\u00bbrgba(0,0,0,0.1)\u00a0\u00bb max_width=\u00a0\u00bb1360px\u00a0\u00bb locked=\u00a0\u00bboff\u00a0\u00bb][et_pb_column type=\u00a0\u00bb1_3&Prime; _builder_version=\u00a0\u00bb3.21.1&Prime;][et_pb_text _builder_version=\u00a0\u00bb3.23.3&Prime; text_font=\u00a0\u00bb|600|||||||\u00a0\u00bb text_font_size=\u00a0\u00bb18px\u00a0\u00bb text_line_height=\u00a0\u00bb2em\u00a0\u00bb header_font=\u00a0\u00bb||||||||\u00a0\u00bb header_4_font=\u00a0\u00bbKhand|700||on|||||\u00a0\u00bb header_4_font_size=\u00a0\u00bb35px\u00a0\u00bb header_4_line_height=\u00a0\u00bb1.2em\u00a0\u00bb background_layout=\u00a0\u00bbdark\u00a0\u00bb header_4_font_size_tablet=\u00a0\u00bb30px\u00a0\u00bb header_4_font_size_phone=\u00a0\u00bb25px\u00a0\u00bb header_4_font_size_last_edited=\u00a0\u00bbon|phone\u00a0\u00bb locked=\u00a0\u00bboff\u00a0\u00bb]<\/p>\n<h4>Planning<\/h4>\n<p>Matin RDV 8h30 d\u00e9part 9h00<\/p>\n<p>Apr\u00e8s-midi RDV 13h30 d\u00e9part 14h00<br \/> Cr\u00e9pusculaire les mardis pas actuellement<\/p>\n<p>Nuit : voir calendrier ci-dessus<\/p>\n<p>[\/et_pb_text][\/et_pb_column][et_pb_column type=\u00a0\u00bb1_3&Prime; _builder_version=\u00a0\u00bb3.21.1&Prime;][et_pb_text _builder_version=\u00a0\u00bb3.23.3&Prime; text_font=\u00a0\u00bb|600|||||||\u00a0\u00bb text_font_size=\u00a0\u00bb18px\u00a0\u00bb text_line_height=\u00a0\u00bb2em\u00a0\u00bb header_font=\u00a0\u00bb||||||||\u00a0\u00bb header_4_font=\u00a0\u00bbKhand|700||on|||||\u00a0\u00bb header_4_font_size=\u00a0\u00bb35px\u00a0\u00bb header_4_line_height=\u00a0\u00bb1.2em\u00a0\u00bb background_layout=\u00a0\u00bbdark\u00a0\u00bb header_4_font_size_tablet=\u00a0\u00bb30px\u00a0\u00bb header_4_font_size_phone=\u00a0\u00bb25px\u00a0\u00bb header_4_font_size_last_edited=\u00a0\u00bbon|phone\u00a0\u00bb locked=\u00a0\u00bboff\u00a0\u00bb]<\/p>\n<h4>Adresse<\/h4>\n<p>Quai Saint Pierre, Vieux port<br \/> 06220 Golfe Juan \u2013 France<\/p>\n<p>[\/et_pb_text][et_pb_map _builder_version=\u00a0\u00bb3.23.3&Prime;][\/et_pb_map][\/et_pb_column][et_pb_column type=\u00a0\u00bb1_3&Prime; _builder_version=\u00a0\u00bb3.21.1&Prime;][et_pb_text _builder_version=\u00a0\u00bb3.23.3&Prime; text_font=\u00a0\u00bb|600|||||||\u00a0\u00bb text_line_height=\u00a0\u00bb2em\u00a0\u00bb header_font=\u00a0\u00bb||||||||\u00a0\u00bb header_4_font=\u00a0\u00bbKhand|700||on|||||\u00a0\u00bb header_4_font_size=\u00a0\u00bb35px\u00a0\u00bb header_4_line_height=\u00a0\u00bb1.2em\u00a0\u00bb header_4_font_size_tablet=\u00a0\u00bb30px\u00a0\u00bb header_4_font_size_phone=\u00a0\u00bb25px\u00a0\u00bb header_4_font_size_last_edited=\u00a0\u00bbon|phone\u00a0\u00bb locked=\u00a0\u00bboff\u00a0\u00bb]<\/p>\n<h4>Nous contacter<\/h4>\n<p>[\/et_pb_text][et_pb_text _builder_version=\u00a0\u00bb3.23.3&Prime; text_font=\u00a0\u00bb||||||||\u00a0\u00bb text_text_color=\u00a0\u00bb#000000&Prime; text_font_size=\u00a0\u00bb17px\u00a0\u00bb]<\/p>\n<p>R\u00e9servations et renseignements :<br \/>04 93 63 00 04<\/p>\n<p>R\u00e9gis : 06 77 74 71 37<br \/>Caroline : 06 18 66 64 11<\/p>\n<p>Courriel :<br \/>contact@subvision-plongee.com<\/p>\n<p>[\/et_pb_text][et_pb_button button_url=\u00a0\u00bbhttps:\/\/subvision-plongee.com\/index.php\/contact\/\u00a0\u00bb button_text=\u00a0\u00bbContactez nous\u00a0\u00bb button_alignment=\u00a0\u00bbcenter\u00a0\u00bb _builder_version=\u00a0\u00bb3.23.3&Prime; custom_button=\u00a0\u00bbon\u00a0\u00bb button_text_size=\u00a0\u00bb14px\u00a0\u00bb button_text_color=\u00a0\u00bb#ffffff\u00a0\u00bb button_bg_color=\u00a0\u00bb#52b9d8&Prime; button_border_width=\u00a0\u00bb0px\u00a0\u00bb button_border_radius=\u00a0\u00bb0px\u00a0\u00bb button_letter_spacing=\u00a0\u00bb3px\u00a0\u00bb button_font=\u00a0\u00bb|700||on|||||\u00a0\u00bb button_icon=\u00a0\u00bb%%36%%\u00a0\u00bb button_on_hover=\u00a0\u00bboff\u00a0\u00bb transform_skew=\u00a0\u00bb-22deg|0deg\u00a0\u00bb transform_skew_linked=\u00a0\u00bboff\u00a0\u00bb custom_margin=\u00a0\u00bb60px||\u00a0\u00bb custom_padding=\u00a0\u00bb12px|40px|12px|24px|true|false\u00a0\u00bb locked=\u00a0\u00bboff\u00a0\u00bb button_bg_color__hover_enabled=\u00a0\u00bbon\u00a0\u00bb button_bg_color__hover=\u00a0\u00bb#d10026&Prime;][\/et_pb_button][\/et_pb_column][\/et_pb_row][\/et_pb_section]<\/p>\n","protected":false},"excerpt":{"rendered":"<p>[et_pb_section fb_built=\u00a0\u00bb1&Prime; _builder_version=\u00a0\u00bb3.23.3&Prime; background_image=\u00a0\u00bbhttps:\/\/subvision-plongee.com\/wp-content\/uploads\/2020\/03\/mechanic-57-1.png\u00a0\u00bb][et_pb_row _builder_version=\u00a0\u00bb3.23.3&Prime;][et_pb_column type=\u00a0\u00bb2_5&Prime; _builder_version=\u00a0\u00bb3.23.3&Prime;][et_pb_image src=\u00a0\u00bbhttps:\/\/subvision-plongee.com\/wp-content\/uploads\/2020\/04\/subvision-club-diving-plongee-cannes-nice-regis.jpg\u00a0\u00bb _builder_version=\u00a0\u00bb3.23.3&Prime;][\/et_pb_image][\/et_pb_column][et_pb_column type=\u00a0\u00bb3_5&Prime; _builder_version=\u00a0\u00bb3.23.3&Prime;][et_pb_text _builder_version=\u00a0\u00bb3.23.3&Prime; text_font=\u00a0\u00bb||||||||\u00a0\u00bb text_font_size=\u00a0\u00bb16px\u00a0\u00bb text_line_height=\u00a0\u00bb1.8em\u00a0\u00bb header_font=\u00a0\u00bb||||||||\u00a0\u00bb header_2_font=\u00a0\u00bb||||||||\u00a0\u00bb header_2_font_size=\u00a0\u00bb40px\u00a0\u00bb] R\u00e9gis Beyssac &nbsp; R\u00e9gis Beyssac, Professionnel depuis 2006, plongeurs et encadrants en club associatifs depuis des ann\u00e9es, R\u00e9gis a d\u00e9cid\u00e9 de changer de vie pour notre plus grand plaisir et celui de nos clients. Instructeur SSI, scaphandrier [&hellip;]<\/p>\n","protected":false},"author":2,"featured_media":0,"parent":0,"menu_order":0,"comment_status":"closed","ping_status":"closed","template":"","meta":{"_et_pb_use_builder":"on","_et_pb_old_content":"","footnotes":""},"class_list":["post-179","page","type-page","status-publish","hentry"],"_links":{"self":[{"href":"https:\/\/subvision-plongee.com\/index.php\/wp-json\/wp\/v2\/pages\/179","targetHints":{"allow":["GET"]}}],"collection":[{"href":"https:\/\/subvision-plongee.com\/index.php\/wp-json\/wp\/v2\/pages"}],"about":[{"href":"https:\/\/subvision-plongee.com\/index.php\/wp-json\/wp\/v2\/types\/page"}],"author":[{"embeddable":true,"href":"https:\/\/subvision-plongee.com\/index.php\/wp-json\/wp\/v2\/users\/2"}],"replies":[{"embeddable":true,"href":"https:\/\/subvision-plongee.com\/index.php\/wp-json\/wp\/v2\/comments?post=179"}],"version-history":[{"count":5,"href":"https:\/\/subvision-plongee.com\/index.php\/wp-json\/wp\/v2\/pages\/179\/revisions"}],"predecessor-version":[{"id":411,"href":"https:\/\/subvision-plongee.com\/index.php\/wp-json\/wp\/v2\/pages\/179\/revisions\/411"}],"wp:attachment":[{"href":"https:\/\/subvision-plongee.com\/index.php\/wp-json\/wp\/v2\/media?parent=179"}],"curies":[{"name":"wp","href":"https:\/\/api.w.org\/{rel}","templated":true}]}}