{"id":173,"date":"2020-03-21T14:29:15","date_gmt":"2020-03-21T13:29:15","guid":{"rendered":"https:\/\/nextnet.fr\/wp34b5\/?page_id=173"},"modified":"2023-02-10T09:33:28","modified_gmt":"2023-02-10T08:33:28","slug":"caroline-celle-peigne","status":"publish","type":"page","link":"https:\/\/subvision-plongee.com\/index.php\/caroline-celle-peigne\/","title":{"rendered":"Caroline Celle Peigne"},"content":{"rendered":"<p>[et_pb_section fb_built=\u00a0\u00bb1&Prime; _builder_version=\u00a0\u00bb3.23.3&Prime; background_image=\u00a0\u00bbhttps:\/\/subvision-plongee.com\/wp-content\/uploads\/2020\/03\/mechanic-57-1.png\u00a0\u00bb][et_pb_row _builder_version=\u00a0\u00bb3.23.3&Prime;][et_pb_column type=\u00a0\u00bb2_5&Prime; _builder_version=\u00a0\u00bb3.23.3&Prime;][et_pb_image src=\u00a0\u00bbhttps:\/\/subvision-plongee.com\/wp-content\/uploads\/2020\/04\/subvision-club-diving-plongee-cannes-nice-caroline.png\u00a0\u00bb _builder_version=\u00a0\u00bb3.23.3&Prime;][\/et_pb_image][\/et_pb_column][et_pb_column type=\u00a0\u00bb3_5&Prime; _builder_version=\u00a0\u00bb3.23.3&Prime;][et_pb_text _builder_version=\u00a0\u00bb3.23.3&Prime; text_font=\u00a0\u00bb||||||||\u00a0\u00bb text_font_size=\u00a0\u00bb16px\u00a0\u00bb text_line_height=\u00a0\u00bb1.8em\u00a0\u00bb header_font=\u00a0\u00bb||||||||\u00a0\u00bb header_2_font=\u00a0\u00bb||||||||\u00a0\u00bb header_2_font_size=\u00a0\u00bb40px\u00a0\u00bb]<\/p>\n<h2>Caroline Celle<\/h2>\n<p>&nbsp;<\/p>\n<p>Caroline Celle Peigne, co-fondatrice du centre de plong\u00e9e Subvision, MF2, DEJEPS, Instructeur Nitrox, Instructeur Trainer SSI, Scaphandrier classe 2B, expert au jury du Creps d\u2019Antibes, monitrice de plong\u00e9e ayant plus de vingt ans d\u2019exp\u00e9rience. Faire partager ma passion et former des plongeurs \u00e0 tous les niveaux, de tout \u00e2ge pour leur ouvrir les portes d\u2019un monde magnifique, color\u00e9 et enrichissant. Mon plaisir est de vous faire partager mon exp\u00e9rience, et de vous guider vers les meilleurs niveaux pour que vous deveniez des plongeurs s\u00fbrs et exp\u00e9riment\u00e9s.<\/p>\n<p>Quel que soit l\u2019organisme de formation que vous choisirez, nos comp\u00e9tences nous permettront de vous orienter vers le niveau qui vous permettra de r\u00e9aliser vos plong\u00e9es en profitant pleinement du plaisir que cela procure, de gagner de l\u2019exp\u00e9rience et les connaissances n\u00e9cessaires \u00e0 la formation de plongeur. Conna\u00eetre le monde sous-marin permet de le prot\u00e9ger et de le respecter en t\u00e9moignant au fil des plong\u00e9es de sa fragilit\u00e9. Plonger permet d\u2019ouvrir son esprit vers une autre dimension de conna\u00eetre l\u2019apesanteur, le calme, enrichir sa connaissance de la faune et la flore de M\u00e9diterran\u00e9e.<\/p>\n<p>La baie d\u2019Antibes Golfe Juan dans le 06 est enchanteresse, c\u2019est avec un grand professionnalisme et notre exp\u00e9rience que nous mettrons tout en oeuvre pour vous amener \u00e0 la d\u00e9couvrir.<\/p>\n<p>Si vous souhaitez devenir un professionnel de la plong\u00e9e \u00e0 l\u2019\u00e9tranger ou en France, vous b\u00e9n\u00e9ficierez d\u2019une formatrice exp\u00e9riment\u00e9e dans ce domaine.<\/p>\n<p>Caroline est la touche f\u00e9minine de l\u2019\u00e9quipe, elle vous accueille avec sourire et disponibilit\u00e9. Sa maitrise de l\u2019anglais et de l\u2019allemand lui permet de proposer des formations en plusieurs langues pour le plus grand plaisir de nos plongeurs venus du monde entier. N\u2019h\u00e9sitez pas \u00e0 me contacter, je me ferai un devoir de vous r\u00e9pondre rapidement.<\/p>\n<p>T\u00e9l : : +33 6 18 66 64 11<br \/>Courriel : caro@subvision-plong\u00e9e.com<\/p>\n<p>[\/et_pb_text][\/et_pb_column][\/et_pb_row][\/et_pb_section][et_pb_section fb_built=\u00a0\u00bb1&Prime; admin_label=\u00a0\u00bbFooter\u00a0\u00bb _builder_version=\u00a0\u00bb3.22.4&Prime; background_color=\u00a0\u00bb#eaeaf1&Prime; background_image=\u00a0\u00bbhttps:\/\/subvision-plongee.com\/wp-content\/uploads\/2020\/03\/mechanic-34.png\u00a0\u00bb background_position=\u00a0\u00bbbottom_center\u00a0\u00bb custom_padding=\u00a0\u00bb8vw||8vw||true|\u00a0\u00bb locked=\u00a0\u00bboff\u00a0\u00bb][et_pb_row use_custom_gutter=\u00a0\u00bbon\u00a0\u00bb gutter_width=\u00a0\u00bb1&Prime; custom_padding=\u00a0\u00bb0|0px|0px|0px|false|false\u00a0\u00bb make_equal=\u00a0\u00bbon\u00a0\u00bb background_color_1=\u00a0\u00bb#f71635&Prime; bg_img_2=\u00a0\u00bbhttps:\/\/subvision-plongee.com\/wp-content\/uploads\/2020\/03\/nextnet-agence-communication-freelance-nice-subvision-plongee-golfe-juan-photo-1.jpg\u00a0\u00bb bg_img_3=\u00a0\u00bbhttps:\/\/subvision-plongee.com\/wp-content\/uploads\/2020\/04\/subvision-club-diving-plongee-cannes-nice-photo-2.jpg\u00a0\u00bb padding_top_bottom_link_1=\u00a0\u00bbtrue\u00a0\u00bb padding_top_bottom_link_2=\u00a0\u00bbtrue\u00a0\u00bb padding_top_bottom_link_3=\u00a0\u00bbtrue\u00a0\u00bb padding_left_right_link_1=\u00a0\u00bbtrue\u00a0\u00bb padding_left_right_link_2=\u00a0\u00bbtrue\u00a0\u00bb padding_left_right_link_3=\u00a0\u00bbtrue\u00a0\u00bb use_background_color_gradient_2=\u00a0\u00bbon\u00a0\u00bb use_background_color_gradient_3=\u00a0\u00bbon\u00a0\u00bb background_color_gradient_start_2=\u00a0\u00bbrgba(2,24,39,0.7)\u00a0\u00bb background_color_gradient_start_3=\u00a0\u00bbrgba(255,255,255,0.9)\u00a0\u00bb background_color_gradient_end_2=\u00a0\u00bbrgba(2,24,39,0.6)\u00a0\u00bb background_color_gradient_end_3=\u00a0\u00bb#ffffff\u00a0\u00bb background_color_gradient_overlays_image_2=\u00a0\u00bbon\u00a0\u00bb background_color_gradient_overlays_image_3=\u00a0\u00bbon\u00a0\u00bb padding_top_1=\u00a0\u00bb100px\u00a0\u00bb padding_top_2=\u00a0\u00bb100px\u00a0\u00bb padding_top_3=\u00a0\u00bb100px\u00a0\u00bb padding_right_1=\u00a0\u00bb40px\u00a0\u00bb padding_right_2=\u00a0\u00bb40px\u00a0\u00bb padding_right_3=\u00a0\u00bb40px\u00a0\u00bb padding_bottom_1=\u00a0\u00bb100px\u00a0\u00bb padding_bottom_2=\u00a0\u00bb100px\u00a0\u00bb padding_bottom_3=\u00a0\u00bb100px\u00a0\u00bb padding_left_1=\u00a0\u00bb40px\u00a0\u00bb padding_left_2=\u00a0\u00bb40px\u00a0\u00bb padding_left_3=\u00a0\u00bb40px\u00a0\u00bb padding_1_tablet=\u00a0\u00bb50px||50px||true\u00a0\u00bb padding_2_tablet=\u00a0\u00bb50px||50px||true\u00a0\u00bb padding_3_tablet=\u00a0\u00bb50px||50px||true\u00a0\u00bb padding_1_last_edited=\u00a0\u00bbon|desktop\u00a0\u00bb padding_2_last_edited=\u00a0\u00bbon|desktop\u00a0\u00bb padding_3_last_edited=\u00a0\u00bbon|phone\u00a0\u00bb _builder_version=\u00a0\u00bb3.23.3&Prime; box_shadow_style=\u00a0\u00bbpreset2&Prime; box_shadow_vertical=\u00a0\u00bb28px\u00a0\u00bb box_shadow_blur=\u00a0\u00bb40px\u00a0\u00bb box_shadow_color=\u00a0\u00bbrgba(0,0,0,0.1)\u00a0\u00bb max_width=\u00a0\u00bb1360px\u00a0\u00bb locked=\u00a0\u00bboff\u00a0\u00bb][et_pb_column type=\u00a0\u00bb1_3&Prime; _builder_version=\u00a0\u00bb3.21.1&Prime;][et_pb_text _builder_version=\u00a0\u00bb3.23.3&Prime; text_font=\u00a0\u00bb|600|||||||\u00a0\u00bb text_font_size=\u00a0\u00bb18px\u00a0\u00bb text_line_height=\u00a0\u00bb2em\u00a0\u00bb header_font=\u00a0\u00bb||||||||\u00a0\u00bb header_4_font=\u00a0\u00bbKhand|700||on|||||\u00a0\u00bb header_4_font_size=\u00a0\u00bb35px\u00a0\u00bb header_4_line_height=\u00a0\u00bb1.2em\u00a0\u00bb background_layout=\u00a0\u00bbdark\u00a0\u00bb header_4_font_size_tablet=\u00a0\u00bb30px\u00a0\u00bb header_4_font_size_phone=\u00a0\u00bb25px\u00a0\u00bb header_4_font_size_last_edited=\u00a0\u00bbon|phone\u00a0\u00bb locked=\u00a0\u00bboff\u00a0\u00bb]<\/p>\n<h4>Planning<\/h4>\n<p>Matin RDV 8h30 d\u00e9part 9h00<\/p>\n<p>Apr\u00e8s-midi RDV 13h30 d\u00e9part 14h00<br \/> Cr\u00e9pusculaire les mardis pas actuellement<\/p>\n<p>Nuit : voir calendrier ci-dessus<\/p>\n<p>[\/et_pb_text][\/et_pb_column][et_pb_column type=\u00a0\u00bb1_3&Prime; _builder_version=\u00a0\u00bb3.21.1&Prime;][et_pb_text _builder_version=\u00a0\u00bb3.23.3&Prime; text_font=\u00a0\u00bb|600|||||||\u00a0\u00bb text_font_size=\u00a0\u00bb18px\u00a0\u00bb text_line_height=\u00a0\u00bb2em\u00a0\u00bb header_font=\u00a0\u00bb||||||||\u00a0\u00bb header_4_font=\u00a0\u00bbKhand|700||on|||||\u00a0\u00bb header_4_font_size=\u00a0\u00bb35px\u00a0\u00bb header_4_line_height=\u00a0\u00bb1.2em\u00a0\u00bb background_layout=\u00a0\u00bbdark\u00a0\u00bb header_4_font_size_tablet=\u00a0\u00bb30px\u00a0\u00bb header_4_font_size_phone=\u00a0\u00bb25px\u00a0\u00bb header_4_font_size_last_edited=\u00a0\u00bbon|phone\u00a0\u00bb locked=\u00a0\u00bboff\u00a0\u00bb]<\/p>\n<h4>Adresse<\/h4>\n<p>Quai Saint Pierre, Vieux port<br \/> 06220 Golfe Juan \u2013 France<\/p>\n<p>[\/et_pb_text][et_pb_map _builder_version=\u00a0\u00bb3.23.3&Prime;][\/et_pb_map][\/et_pb_column][et_pb_column type=\u00a0\u00bb1_3&Prime; _builder_version=\u00a0\u00bb3.21.1&Prime;][et_pb_text _builder_version=\u00a0\u00bb3.23.3&Prime; text_font=\u00a0\u00bb|600|||||||\u00a0\u00bb text_line_height=\u00a0\u00bb2em\u00a0\u00bb header_font=\u00a0\u00bb||||||||\u00a0\u00bb header_4_font=\u00a0\u00bbKhand|700||on|||||\u00a0\u00bb header_4_font_size=\u00a0\u00bb35px\u00a0\u00bb header_4_line_height=\u00a0\u00bb1.2em\u00a0\u00bb header_4_font_size_tablet=\u00a0\u00bb30px\u00a0\u00bb header_4_font_size_phone=\u00a0\u00bb25px\u00a0\u00bb header_4_font_size_last_edited=\u00a0\u00bbon|phone\u00a0\u00bb locked=\u00a0\u00bboff\u00a0\u00bb]<\/p>\n<h4>Nous contacter<\/h4>\n<p>[\/et_pb_text][et_pb_text _builder_version=\u00a0\u00bb3.23.3&Prime; text_font=\u00a0\u00bb||||||||\u00a0\u00bb text_text_color=\u00a0\u00bb#000000&Prime; text_font_size=\u00a0\u00bb17px\u00a0\u00bb]<\/p>\n<p>R\u00e9servations et renseignements :<br \/>04 93 63 00 04<\/p>\n<p>R\u00e9gis : 06 77 74 71 37<br \/>Caroline : 06 18 66 64 11<\/p>\n<p>Courriel :<br \/>contact@subvision-plongee.com<\/p>\n<p>[\/et_pb_text][et_pb_button button_url=\u00a0\u00bbhttps:\/\/subvision-plongee.com\/index.php\/contact\/\u00a0\u00bb button_text=\u00a0\u00bbContactez nous\u00a0\u00bb button_alignment=\u00a0\u00bbcenter\u00a0\u00bb _builder_version=\u00a0\u00bb3.23.3&Prime; custom_button=\u00a0\u00bbon\u00a0\u00bb button_text_size=\u00a0\u00bb14px\u00a0\u00bb button_text_color=\u00a0\u00bb#ffffff\u00a0\u00bb button_bg_color=\u00a0\u00bb#52b9d8&Prime; button_border_width=\u00a0\u00bb0px\u00a0\u00bb button_border_radius=\u00a0\u00bb0px\u00a0\u00bb button_letter_spacing=\u00a0\u00bb3px\u00a0\u00bb button_font=\u00a0\u00bb|700||on|||||\u00a0\u00bb button_icon=\u00a0\u00bb%%36%%\u00a0\u00bb button_on_hover=\u00a0\u00bboff\u00a0\u00bb transform_skew=\u00a0\u00bb-22deg|0deg\u00a0\u00bb transform_skew_linked=\u00a0\u00bboff\u00a0\u00bb custom_margin=\u00a0\u00bb60px||\u00a0\u00bb custom_padding=\u00a0\u00bb12px|40px|12px|24px|true|false\u00a0\u00bb locked=\u00a0\u00bboff\u00a0\u00bb button_bg_color__hover_enabled=\u00a0\u00bbon\u00a0\u00bb button_bg_color__hover=\u00a0\u00bb#d10026&Prime;][\/et_pb_button][\/et_pb_column][\/et_pb_row][\/et_pb_section]<\/p>\n","protected":false},"excerpt":{"rendered":"<p>[et_pb_section fb_built=\u00a0\u00bb1&Prime; _builder_version=\u00a0\u00bb3.23.3&Prime; background_image=\u00a0\u00bbhttps:\/\/subvision-plongee.com\/wp-content\/uploads\/2020\/03\/mechanic-57-1.png\u00a0\u00bb][et_pb_row _builder_version=\u00a0\u00bb3.23.3&Prime;][et_pb_column type=\u00a0\u00bb2_5&Prime; _builder_version=\u00a0\u00bb3.23.3&Prime;][et_pb_image src=\u00a0\u00bbhttps:\/\/subvision-plongee.com\/wp-content\/uploads\/2020\/04\/subvision-club-diving-plongee-cannes-nice-caroline.png\u00a0\u00bb _builder_version=\u00a0\u00bb3.23.3&Prime;][\/et_pb_image][\/et_pb_column][et_pb_column type=\u00a0\u00bb3_5&Prime; _builder_version=\u00a0\u00bb3.23.3&Prime;][et_pb_text _builder_version=\u00a0\u00bb3.23.3&Prime; text_font=\u00a0\u00bb||||||||\u00a0\u00bb text_font_size=\u00a0\u00bb16px\u00a0\u00bb text_line_height=\u00a0\u00bb1.8em\u00a0\u00bb header_font=\u00a0\u00bb||||||||\u00a0\u00bb header_2_font=\u00a0\u00bb||||||||\u00a0\u00bb header_2_font_size=\u00a0\u00bb40px\u00a0\u00bb] Caroline Celle &nbsp; Caroline Celle Peigne, co-fondatrice du centre de plong\u00e9e Subvision, MF2, DEJEPS, Instructeur Nitrox, Instructeur Trainer SSI, Scaphandrier classe 2B, expert au jury du Creps d\u2019Antibes, monitrice de plong\u00e9e ayant plus de vingt ans d\u2019exp\u00e9rience. [&hellip;]<\/p>\n","protected":false},"author":2,"featured_media":0,"parent":0,"menu_order":0,"comment_status":"closed","ping_status":"closed","template":"","meta":{"_et_pb_use_builder":"on","_et_pb_old_content":"","footnotes":""},"class_list":["post-173","page","type-page","status-publish","hentry"],"_links":{"self":[{"href":"https:\/\/subvision-plongee.com\/index.php\/wp-json\/wp\/v2\/pages\/173","targetHints":{"allow":["GET"]}}],"collection":[{"href":"https:\/\/subvision-plongee.com\/index.php\/wp-json\/wp\/v2\/pages"}],"about":[{"href":"https:\/\/subvision-plongee.com\/index.php\/wp-json\/wp\/v2\/types\/page"}],"author":[{"embeddable":true,"href":"https:\/\/subvision-plongee.com\/index.php\/wp-json\/wp\/v2\/users\/2"}],"replies":[{"embeddable":true,"href":"https:\/\/subvision-plongee.com\/index.php\/wp-json\/wp\/v2\/comments?post=173"}],"version-history":[{"count":7,"href":"https:\/\/subvision-plongee.com\/index.php\/wp-json\/wp\/v2\/pages\/173\/revisions"}],"predecessor-version":[{"id":1360,"href":"https:\/\/subvision-plongee.com\/index.php\/wp-json\/wp\/v2\/pages\/173\/revisions\/1360"}],"wp:attachment":[{"href":"https:\/\/subvision-plongee.com\/index.php\/wp-json\/wp\/v2\/media?parent=173"}],"curies":[{"name":"wp","href":"https:\/\/api.w.org\/{rel}","templated":true}]}}